{"id":2094,"date":"2021-12-28T12:33:23","date_gmt":"2021-12-28T12:33:23","guid":{"rendered":"https:\/\/villatoile.be\/?page_id=2094"},"modified":"2025-03-20T15:49:32","modified_gmt":"2025-03-20T15:49:32","slug":"pods","status":"publish","type":"page","link":"https:\/\/villatoile.be\/de\/pods\/","title":{"rendered":"Pods"},"content":{"rendered":"<section class=\"section  text-normal section-text-no-shadow section-inner-no-shadow section-normal section-opaque\" >\n            <div class=\"background-media\" style=\"background-image: url(&#039;https:\/\/villatoile.be\/wp-content\/uploads\/2018\/02\/camping.jpg&#039;); background-repeat:no-repeat; background-size:cover; background-attachment:fixed; background-position: 50% 0%;\" data-start=\"background-position: 50% 0px\" data-0-top-bottom=\"background-position: 50% -85px\">\n                    <\/div>\n    \n    <div class=\"background-overlay grid-overlay-0 \" style=\"background-color: rgba(0,0,0,0);\"><\/div>\n\n    <div class=\"container container-vertical-default\">\n        <div class=\"row vertical-default\">\n            <div class=\"col-md-12     text-center small-screen-default\"  ><div class=\"divider-wrapper \" style=\"visibility:hidden;background-color:#FFFFF\">\n    <div class=\"visible-xs\" style=\"height:100px;\"><\/div>\n    <div class=\"visible-sm\" style=\"height:100px;\"><\/div>\n    <div class=\"visible-md\" style=\"height:190px;\"><\/div>\n    <div class=\"visible-lg\" style=\"height:190px;\"><\/div>\n<\/div><h1 class=\"text-center  element-top-0 element-bottom-0 text-light os-animation super regular\" data-os-animation=\"fadeIn\" data-os-animation-delay=\"0.1s\" >\n    Camping<\/h1><div class=\"figure element-top-0 element-bottom-0   os-animation\" data-os-animation=\"fadeIn\" data-os-animation-delay=\"0.3s\">\n            <span class=\"figure-image\">\n        <img loading=\"lazy\" decoding=\"async\" width=\"360\" height=\"30\" src=\"https:\/\/villatoile.be\/wp-content\/uploads\/2018\/02\/decor-white.png\" class=\"attachment-full size-full\" alt=\"\" srcset=\"https:\/\/villatoile.be\/wp-content\/uploads\/2018\/02\/decor-white.png 360w, https:\/\/villatoile.be\/wp-content\/uploads\/2018\/02\/decor-white-300x25.png 300w, https:\/\/villatoile.be\/wp-content\/uploads\/2018\/02\/decor-white-90x8.png 90w\" sizes=\"auto, (max-width: 360px) 100vw, 360px\" \/>            <\/span>\n    <\/div>\n<div class=\"divider-wrapper \" style=\"visibility:hidden;background-color:#FFFFF\">\n    <div class=\"visible-xs\" style=\"height:100px;\"><\/div>\n    <div class=\"visible-sm\" style=\"height:100px;\"><\/div>\n    <div class=\"visible-md\" style=\"height:100px;\"><\/div>\n    <div class=\"visible-lg\" style=\"height:100px;\"><\/div>\n<\/div><\/div>        <\/div>\n    <\/div>\n<\/section><section class=\"section formbghide text-normal section-text-no-shadow section-inner-no-shadow section-normal section-opaque\" >\n            <div class=\"background-media\" style=\"background-image: url(&#039;https:\/\/villatoile.be\/wp-content\/uploads\/2018\/02\/camping.jpg&#039;); background-repeat:no-repeat; background-size:cover; background-attachment:fixed; background-position: 50% 0%;\" data-start=\"background-position: 50% 0px\" data-0-top-bottom=\"background-position: 50% -85px\">\n                    <\/div>\n    \n    <div class=\"background-overlay grid-overlay-0 \" style=\"background-color: rgba(0,0,0,0.3);\"><\/div>\n\n    <div class=\"container container-vertical-default\">\n        <div class=\"row vertical-default\">\n            <div class=\"col-md-12     text-center small-screen-default\"  ><div class=\"divider-wrapper \" style=\"visibility:hidden;background-color:#FFFFF\">\n    <div class=\"visible-xs\" style=\"height:40px;\"><\/div>\n    <div class=\"visible-sm\" style=\"height:40px;\"><\/div>\n    <div class=\"visible-md\" style=\"height:40px;\"><\/div>\n    <div class=\"visible-lg\" style=\"height:40px;\"><\/div>\n<\/div>[vc_raw_html]JTNDdGhyLXNlYXJjaC1lbmdpbmUlM0UlMEElM0MlMkZ0aHItc2VhcmNoLWVuZ2luZSUzRSUwQSUzQ3NjcmlwdCUzRSUwQSUyMCUyMCUyMCUyMCUyOGZ1bmN0aW9uJTI4dCUyQ2glMkNlJTJDbCUyQ2klMkNzJTJDUiUyQ0UlMkNTJTJDQSUyOSU3QiUwQSUyMCUyMCUyMCUyMCUyMCUyMCUyMCUyMHQlNUJpJTVEJTNEJTdCJTdEJTJDdCU1QmklNUQlNUJzJTVEJTNEdCU1QmklNUQlNUJzJTVEJTdDJTdDZnVuY3Rpb24lMjglMjklN0IlMEElMjAlMjAlMjAlMjAlMjAlMjAlMjAlMjAlMjAlMjAlMjAlMjBpZiUyODElM0QlM0QlM0Rhcmd1bWVudHMubGVuZ3RoJTI5JTdCcmV0dXJuJTIwdCU1QmklNUQuYSU1QmFyZ3VtZW50cyU1QjAlNUQlNUQlN0MlN0NudWxsJTdEJTBBJTIwJTIwJTIwJTIwJTIwJTIwJTIwJTIwJTIwJTIwJTIwJTIwZWxzZSU3QnQlNUJpJTVELmElM0R0JTVCaSU1RC5hJTdDJTdDJTVCJTVEJTNCJTIwdCU1QmklNUQuYSU1QmFyZ3VtZW50cyU1QjAlNUQlNUQlMjAlM0QlMjBhcmd1bWVudHMlNUIxJTVEJTNCJTdEJTBBJTIwJTIwJTIwJTIwJTIwJTIwJTIwJTIwJTdEJTJDJTBBJTIwJTIwJTIwJTIwJTIwJTIwJTIwJTIwJTIwJTIwJTIwJTIwUiUzRGguY3JlYXRlRWxlbWVudCUyOGUlMjklMkNFJTNEaC5nZXRFbGVtZW50c0J5VGFnTmFtZSUyOGUlMjklNUIwJTVEJTNCJTBBJTIwJTIwJTIwJTIwJTIwJTIwJTIwJTIwUi5hc3luYyUzRDElM0JSLnNyYyUzRGwlM0JFLnBhcmVudE5vZGUuaW5zZXJ0QmVmb3JlJTI4UiUyQ0UlMjklMEElMjAlMjAlMjAlMjAlN0QlMjklMjh3aW5kb3clMkNkb2N1bWVudCUyQyUyMnNjcmlwdCUyMiUyQyUyMmh0dHBzJTNBJTJGJTJGdGhlbGlzcmVzYS53ZWJjYW1wLmZyJTJGaWxpYiUyRnY0JTJGJTNGY2F0ZWdvcmllcyUyNmZhdm9yaXRlcyUyNm9uZW5pZ2h0JTI2c2VhcmNoZW5naW5lJTI2c2ltcGxlYmxvY2slMjIlMkMlMjJ0aGVsaXNyZXNhJTIyJTJDJTIyaWxpYiUyMiUyOSUzQiUwQSUyMCUyMCUyMCUyMHRoZWxpc3Jlc2EuaWxpYiUyOCUyN2NhbXBpbmclMjclMkMlMjAlMjd2aWxsYXRvaWxlJTI3JTI5JTNCJTBBJTIwJTIwJTIwJTIwdGhlbGlzcmVzYS5pbGliJTI4JTI3bGFuZ3VhZ2UlMjclMkMlMjAlMjdkZSUyNyUyOSUzQiUwQSUzQyUyRnNjcmlwdCUzRQ==[\/vc_raw_html]<div class=\"divider-wrapper \" style=\"visibility:hidden;background-color:#FFFFF\">\n    <div class=\"visible-xs\" style=\"height:40px;\"><\/div>\n    <div class=\"visible-sm\" style=\"height:40px;\"><\/div>\n    <div class=\"visible-md\" style=\"height:40px;\"><\/div>\n    <div class=\"visible-lg\" style=\"height:40px;\"><\/div>\n<\/div><\/div>        <\/div>\n    <\/div>\n<\/section><section class=\"section  text-normal section-text-no-shadow section-inner-no-shadow section-normal section-opaque\" >\n            <div class=\"background-media\" style=\"background-image: url(&#039;https:\/\/villatoile.be\/wp-content\/uploads\/2021\/12\/pod.jpg&#039;); background-repeat:no-repeat; background-size:cover; background-attachment:fixed; background-position: 50% 0%;\" data-start=\"background-position: 50% 0px\" data-0-top-bottom=\"background-position: 50% -80px\">\n                    <\/div>\n    \n    <div class=\"background-overlay grid-overlay-0 \" style=\"background-color: rgba(86,154,167,0);\"><\/div>\n\n    <div class=\"container-fullwidth container-vertical-middle\">\n        <div class=\"row vertical-middle\">\n            <div class=\"col-md-6     text-default small-screen-default\"  style=\"background:rgba(255, 255, 255, 0.95);\"><div class=\"row \"><div class=\"col-md-2     text-default small-screen-default\"  ><\/div><div class=\"col-md-8     text-center small-screen-default\"  ><h2 class=\"text-default  element-top-100 element-bottom-0 text-normal os-animation big regular\" data-os-animation=\"fadeIn\" data-os-animation-delay=\"0.1s\" >\n    Pods<\/h2><div class=\"figure element-top-0 element-bottom-0   os-animation\" data-os-animation=\"fadeIn\" data-os-animation-delay=\"0.2s\">\n            <span class=\"figure-image\">\n        <img loading=\"lazy\" decoding=\"async\" width=\"200\" height=\"17\" src=\"https:\/\/villatoile.be\/wp-content\/uploads\/2018\/02\/decor-small-kaki-2.png\" class=\"attachment-full size-full\" alt=\"\" srcset=\"https:\/\/villatoile.be\/wp-content\/uploads\/2018\/02\/decor-small-kaki-2.png 200w, https:\/\/villatoile.be\/wp-content\/uploads\/2018\/02\/decor-small-kaki-2-90x8.png 90w\" sizes=\"auto, (max-width: 200px) 100vw, 200px\" \/>            <\/span>\n    <\/div>\n<div class=\"col-text-1 text-normal  element-top-20 element-bottom-100 os-animation\" data-os-animation=\"fadeIn\" data-os-animation-delay=\"0.3s\">\n    <h4 class=\"western\"><strong>Entdecken Sie unsere Pods: Luxus-Camping in der Natur<\/strong><\/h4>\n<p>&nbsp;<\/p>\n<p>Genie\u00dfen Sie einen <strong>einzigartigen Aufenthalt<\/strong> in unseren <strong>Pods<\/strong>, die f\u00fcr <strong>2 bis 3 Personen<\/strong> ausgelegt sind.<\/p>\n<p>Diese <strong>Holzh\u00fctten<\/strong>, perfekt <strong>in die Natur integriert<\/strong>, bieten ein <strong>komfortables Camping-Erlebnis<\/strong> ohne die <strong>Nachteile<\/strong> von <strong>Zelten und Wohnwagen<\/strong>.<\/p>\n<p>Erleben Sie den <strong>Charme des Outdoor-Lebens<\/strong> mit einem Hauch von <strong>Luxus und modernem Komfort<\/strong> !<\/p>\n<\/div>\n<\/div><div class=\"col-md-2     text-default small-screen-default\"  ><\/div><\/div><\/div><div class=\"col-md-6     text-center small-screen-default\"  ><div class=\"divider-wrapper  hidden-sm hidden-xs\" style=\"visibility:hidden;background-color:#FFFFF\">\n    <div class=\"visible-xs\" style=\"height:200px;\"><\/div>\n    <div class=\"visible-sm\" style=\"height:200px;\"><\/div>\n    <div class=\"visible-md\" style=\"height:200px;\"><\/div>\n    <div class=\"visible-lg\" style=\"height:200px;\"><\/div>\n<\/div><\/div>        <\/div>\n    <\/div>\n<\/section><section class=\"section  text-normal section-text-no-shadow section-inner-no-shadow section-normal section-opaque\" >\n    \n    <div class=\"background-overlay grid-overlay-0 \" style=\"background-color: rgba(0,0,0,0);\"><\/div>\n\n    <div class=\"container container-vertical-default\">\n        <div class=\"row vertical-default\">\n            <div class=\"col-md-6     text-default small-screen-default\"  ><div class=\"col-text-2 text-normal  element-top-20 element-bottom-20\" data-os-animation=\"none\" data-os-animation-delay=\"0s\">\n    <\/div>\n<\/div><div class=\"col-md-6     text-default small-screen-default\"  style=\"background:#ffffff;\"><div class=\"col-text-1 text-normal  element-top-20 element-bottom-20\" data-os-animation=\"none\" data-os-animation-delay=\"0s\">\n    <\/div>\n<div class=\"row \"><div class=\"col-md-2     text-default small-screen-default\"  ><\/div><div class=\"col-md-8     text-center small-screen-default\"  ><h2 class=\"text-default  element-top-100 element-bottom-0 text-normal os-animation big regular\" data-os-animation=\"fadeIn\" data-os-animation-delay=\"0.1s\" >\n    Pods<\/h2><div class=\"figure element-top-0 element-bottom-0   os-animation\" data-os-animation=\"fadeIn\" data-os-animation-delay=\"0.2s\">\n            <span class=\"figure-image\">\n        <img loading=\"lazy\" decoding=\"async\" width=\"200\" height=\"17\" src=\"https:\/\/villatoile.be\/wp-content\/uploads\/2018\/02\/decor-small-kaki-2.png\" class=\"attachment-full size-full\" alt=\"\" srcset=\"https:\/\/villatoile.be\/wp-content\/uploads\/2018\/02\/decor-small-kaki-2.png 200w, https:\/\/villatoile.be\/wp-content\/uploads\/2018\/02\/decor-small-kaki-2-90x8.png 90w\" sizes=\"auto, (max-width: 200px) 100vw, 200px\" \/>            <\/span>\n    <\/div>\n<div class=\"col-text-1 text-normal  element-top-20 element-bottom-100 os-animation\" data-os-animation=\"fadeIn\" data-os-animation-delay=\"0.3s\">\n    <h3 class=\"western\"><strong>Komfort &amp; Bequemlichkeit: Alles f\u00fcr einen Perfekten Aufenthalt<\/strong><\/h3>\n<p>&nbsp;<\/p>\n<p>Jeder <strong>Pod<\/strong> ist f\u00fcr Ihren <strong>Komfort<\/strong> ausgestattet:<\/p>\n<ul>\n<li>\n<p style=\"text-align: left;\">Ein <strong>Doppelbett<\/strong> (1,60 m) mit Bettdecke (Bettw\u00e4sche optional)<\/p>\n<\/li>\n<li style=\"text-align: left;\">Eine <strong>Holzbank<\/strong>, die in ein Bett f\u00fcr eine dritte Person umgewandelt werden kann<\/li>\n<li style=\"text-align: left;\">Beleuchtung und Steckdosen<\/li>\n<li style=\"text-align: left;\">Ein <strong>Tisch mit 2 St\u00fchlen<\/strong> im Innenbereich<\/li>\n<li style=\"text-align: left;\">Ein <strong>Wasserkocher und grundlegendes Geschirr<\/strong><\/li>\n<li style=\"text-align: left;\">Eine kleine, halb \u00fcberdachte T<strong>errasse mit Loungesesseln<\/strong><\/li>\n<\/ul>\n<p>Unsere <strong>Pods<\/strong> bieten ein <strong>authentisches Camping-Erlebnis<\/strong>, verf\u00fcgen jedoch <strong>nicht<\/strong> \u00fcber ein eigenes <strong>Bad oder eine integrierte K\u00fcche<\/strong>. Denken Sie daran, <strong>Ihre Campingausr\u00fcstung<\/strong> (Kocher, T\u00f6pfe) sowie <strong>Bettw\u00e4sche<\/strong> (Spannbettlaken 160\u00d7200, Bettdeckenbezug 200\u00d7220, Kissenbez\u00fcge) <strong>mitzubringen<\/strong>. Die zentralen <strong>Sanit\u00e4ranlagen<\/strong> befinden sich nur <strong>30 Meter von<\/strong> Ihrem <strong>Pod<\/strong> entfernt.<\/p>\n<p>Von Ihrer <strong>Terrasse<\/strong> mit Loungesesseln aus k\u00f6nnen Sie einen <strong>atemberaubenden Blick<\/strong> auf die umliegenden <strong>Felsen und W\u00e4lder<\/strong> genie\u00dfen. Eine <strong>gro\u00dfe Holztisch mit B\u00e4nken<\/strong> bietet Ihnen die M\u00f6glichkeit, Ihre <strong>Mahlzeiten inmitten der<\/strong> wundersch\u00f6nen <strong>Ardennen-Natur<\/strong> zu genie\u00dfen.<\/p>\n<\/div>\n<\/div><div class=\"col-md-2     text-default small-screen-default\"  ><\/div><\/div><\/div>        <\/div>\n    <\/div>\n<\/section><section class=\"section  text-normal section-text-no-shadow section-inner-no-shadow section-normal section-opaque\" >\n    \n    <div class=\"background-overlay grid-overlay-0 \" style=\"background-color: rgba(0,0,0,0);\"><\/div>\n\n    <div class=\"container container-vertical-default\">\n        <div class=\"row vertical-default\">\n            <div class=\"col-md-6     text-default small-screen-default\"  style=\"background:#ffffff;\"><div class=\"col-text-2 text-normal  element-top-20 element-bottom-20\" data-os-animation=\"none\" data-os-animation-delay=\"0s\">\n    <\/div>\n<div class=\"row \"><div class=\"col-md-2     text-default small-screen-default\"  ><\/div><div class=\"col-md-8     text-center small-screen-default\"  ><h2 class=\"text-default  element-top-100 element-bottom-0 text-normal os-animation big regular\" data-os-animation=\"fadeIn\" data-os-animation-delay=\"0.1s\" >\n    Praktische Informationen<\/h2><div class=\"figure element-top-0 element-bottom-0   os-animation\" data-os-animation=\"fadeIn\" data-os-animation-delay=\"0.2s\">\n            <span class=\"figure-image\">\n        <img loading=\"lazy\" decoding=\"async\" width=\"200\" height=\"17\" src=\"https:\/\/villatoile.be\/wp-content\/uploads\/2018\/02\/decor-small-kaki-2.png\" class=\"attachment-full size-full\" alt=\"\" srcset=\"https:\/\/villatoile.be\/wp-content\/uploads\/2018\/02\/decor-small-kaki-2.png 200w, https:\/\/villatoile.be\/wp-content\/uploads\/2018\/02\/decor-small-kaki-2-90x8.png 90w\" sizes=\"auto, (max-width: 200px) 100vw, 200px\" \/>            <\/span>\n    <\/div>\n<div class=\"col-text-1 text-normal  element-top-20 element-bottom-100 os-animation\" data-os-animation=\"fadeIn\" data-os-animation-delay=\"0.3s\">\n    <h3 class=\"western\"><strong>Anreise &amp; Abreise<\/strong><\/h3>\n<p>Ihr <strong>Pod<\/strong> steht Ihnen am <strong>Anreisetag<\/strong> zwischen <strong>13:00 und 21:00 Uhr<\/strong> zur Verf\u00fcgung.<\/p>\n<p>Die <strong>Abreise<\/strong> erfolgt zwischen <strong>9:00 und 12:00 Uhr.<\/strong><\/p>\n<p>&nbsp;<\/p>\n<h3 class=\"western\"><strong>Wissenswertes<\/strong><\/h3>\n<ul>\n<li style=\"text-align: left;\"><strong>Haustiere<\/strong> sind in dieser Unterkunft <strong>nicht erlaubt.<\/strong><\/li>\n<li style=\"text-align: left;\">Unsere <strong>Pods<\/strong> sind <strong>strikt rauchfrei.<\/strong><\/li>\n<\/ul>\n<p>&nbsp;<\/p>\n<p>Bereit f\u00fcr ein unvergessliches Glamping-Erlebnis? Sehen Sie sich unsere <strong><a href=\"https:\/\/villatoile.be\/de\/preis-stellplatze\/\">Preise<\/a><\/strong> an und buchen Sie jetzt Ihren Aufenthalt!<\/p>\n<\/div>\n<\/div><div class=\"col-md-2     text-default small-screen-default\"  ><\/div><\/div><\/div><div class=\"col-md-6     text-default small-screen-default\"  ><\/div>        <\/div>\n    <\/div>\n<\/section>\n","protected":false},"excerpt":{"rendered":"Camping [vc_raw_html]JTNDdGhyLXNlYXJjaC1lbmdpbmUlM0UlMEElM0MlMkZ0aHItc2VhcmNoLWVuZ2luZSUzRSUwQSUzQ3NjcmlwdCUzRSUwQSUyMCUyMCUyMCUyMCUyOGZ1bmN0aW9uJTI4dCUyQ2glMkNlJTJDbCUyQ2klMkNzJTJDUiUyQ0UlMkNTJTJDQSUyOSU3QiUwQSUyMCUyMCUyMCUyMCUyMCUyMCUyMCUyMHQlNUJpJTVEJTNEJTdCJTdEJTJDdCU1QmklNUQlNUJzJTVEJTNEdCU1QmklNUQlNUJzJTVEJTdDJTdDZnVuY3Rpb24lMjglMjklN0IlMEElMjAlMjAlMjAlMjAlMjAlMjAlMjAlMjAlMjAlMjAlMjAlMjBpZiUyODElM0QlM0QlM0Rhcmd1bWVudHMubGVuZ3RoJTI5JTdCcmV0dXJuJTIwdCU1QmklNUQuYSU1QmFyZ3VtZW50cyU1QjAlNUQlNUQlN0MlN0NudWxsJTdEJTBBJTIwJTIwJTIwJTIwJTIwJTIwJTIwJTIwJTIwJTIwJTIwJTIwZWxzZSU3QnQlNUJpJTVELmElM0R0JTVCaSU1RC5hJTdDJTdDJTVCJTVEJTNCJTIwdCU1QmklNUQuYSU1QmFyZ3VtZW50cyU1QjAlNUQlNUQlMjAlM0QlMjBhcmd1bWVudHMlNUIxJTVEJTNCJTdEJTBBJTIwJTIwJTIwJTIwJTIwJTIwJTIwJTIwJTdEJTJDJTBBJTIwJTIwJTIwJTIwJTIwJTIwJTIwJTIwJTIwJTIwJTIwJTIwUiUzRGguY3JlYXRlRWxlbWVudCUyOGUlMjklMkNFJTNEaC5nZXRFbGVtZW50c0J5VGFnTmFtZSUyOGUlMjklNUIwJTVEJTNCJTBBJTIwJTIwJTIwJTIwJTIwJTIwJTIwJTIwUi5hc3luYyUzRDElM0JSLnNyYyUzRGwlM0JFLnBhcmVudE5vZGUuaW5zZXJ0QmVmb3JlJTI4UiUyQ0UlMjklMEElMjAlMjAlMjAlMjAlN0QlMjklMjh3aW5kb3clMkNkb2N1bWVudCUyQyUyMnNjcmlwdCUyMiUyQyUyMmh0dHBzJTNBJTJGJTJGdGhlbGlzcmVzYS53ZWJjYW1wLmZyJTJGaWxpYiUyRnY0JTJGJTNGY2F0ZWdvcmllcyUyNmZhdm9yaXRlcyUyNm9uZW5pZ2h0JTI2c2VhcmNoZW5naW5lJTI2c2ltcGxlYmxvY2slMjIlMkMlMjJ0aGVsaXNyZXNhJTIyJTJDJTIyaWxpYiUyMiUyOSUzQiUwQSUyMCUyMCUyMCUyMHRoZWxpc3Jlc2EuaWxpYiUyOCUyN2NhbXBpbmclMjclMkMlMjAlMjd2aWxsYXRvaWxlJTI3JTI5JTNCJTBBJTIwJTIwJTIwJTIwdGhlbGlzcmVzYS5pbGliJTI4JTI3bGFuZ3VhZ2UlMjclMkMlMjAlMjdkZSUyNyUyOSUzQiUwQSUzQyUyRnNjcmlwdCUzRQ==[\/vc_raw_html] Pods Entdecken Sie unsere Pods: Luxus-Camping in der Natur &nbsp; Genie\u00dfen Sie einen einzigartigen Aufenthalt in unseren Pods, die f\u00fcr 2 bis 3 Personen ausgelegt sind. Diese Holzh\u00fctten, perfekt in die Natur integriert, bieten ein komfortables Camping-Erlebnis ohne die Nachteile von Zelten und Wohnwagen. Erleben Sie den Charme des Outdoor-Lebens mit einem Hauch","protected":false},"author":3,"featured_media":0,"parent":0,"menu_order":0,"comment_status":"open","ping_status":"closed","template":"","meta":{"footnotes":""},"class_list":["post-2094","page","type-page","status-publish","hentry"],"_links":{"self":[{"href":"https:\/\/villatoile.be\/de\/wp-json\/wp\/v2\/pages\/2094","targetHints":{"allow":["GET"]}}],"collection":[{"href":"https:\/\/villatoile.be\/de\/wp-json\/wp\/v2\/pages"}],"about":[{"href":"https:\/\/villatoile.be\/de\/wp-json\/wp\/v2\/types\/page"}],"author":[{"embeddable":true,"href":"https:\/\/villatoile.be\/de\/wp-json\/wp\/v2\/users\/3"}],"replies":[{"embeddable":true,"href":"https:\/\/villatoile.be\/de\/wp-json\/wp\/v2\/comments?post=2094"}],"version-history":[{"count":9,"href":"https:\/\/villatoile.be\/de\/wp-json\/wp\/v2\/pages\/2094\/revisions"}],"predecessor-version":[{"id":2520,"href":"https:\/\/villatoile.be\/de\/wp-json\/wp\/v2\/pages\/2094\/revisions\/2520"}],"wp:attachment":[{"href":"https:\/\/villatoile.be\/de\/wp-json\/wp\/v2\/media?parent=2094"}],"curies":[{"name":"wp","href":"https:\/\/api.w.org\/{rel}","templated":true}]}}