{"id":610,"date":"2018-02-27T12:35:28","date_gmt":"2018-02-27T12:35:28","guid":{"rendered":"https:\/\/villatoile.artwhere.net\/?page_id=610"},"modified":"2018-03-22T21:23:49","modified_gmt":"2018-03-22T21:23:49","slug":"unterkunften","status":"publish","type":"page","link":"https:\/\/villatoile.be\/de\/unterkunften\/","title":{"rendered":"Ferienh\u00e4user"},"content":{"rendered":"<section class=\"section  text-normal section-text-no-shadow section-inner-no-shadow section-normal section-opaque\" >\n            <div class=\"background-media\" style=\"background-image: url(&#039;https:\/\/villatoile.be\/wp-content\/uploads\/2018\/02\/gites.jpg&#039;); background-repeat:no-repeat; background-size:cover; background-attachment:fixed; background-position: 50% 100%;\" data-start=\"background-position: 50% 0px\" data-0-top-bottom=\"background-position: 50% -100px\">\n                    <\/div>\n    \n    <div class=\"background-overlay grid-overlay-0 \" style=\"background-color: rgba(0,0,0,0.2);\"><\/div>\n\n    <div class=\"container container-vertical-default\">\n        <div class=\"row vertical-default\">\n            <div class=\"col-md-12     text-center small-screen-default\"  ><div class=\"divider-wrapper \" style=\"visibility:hidden;background-color:#FFFFF\">\n    <div class=\"visible-xs\" style=\"height:50px;\"><\/div>\n    <div class=\"visible-sm\" style=\"height:100px;\"><\/div>\n    <div class=\"visible-md\" style=\"height:200px;\"><\/div>\n    <div class=\"visible-lg\" style=\"height:200px;\"><\/div>\n<\/div><h1 class=\"text-center  element-top-0 element-bottom-20 text-light os-animation hyper regular\" data-os-animation=\"fadeIn\" data-os-animation-delay=\"0.1s\" >\n    Ferienh\u00e4user<\/h1><div class=\"figure element-top-0 element-bottom-100   os-animation\" data-os-animation=\"fadeIn\" data-os-animation-delay=\"0.3s\">\n            <span class=\"figure-image\">\n        <img loading=\"lazy\" decoding=\"async\" width=\"360\" height=\"30\" src=\"https:\/\/villatoile.be\/wp-content\/uploads\/2018\/02\/decor-white.png\" class=\"attachment-full size-full\" alt=\"\" srcset=\"https:\/\/villatoile.be\/wp-content\/uploads\/2018\/02\/decor-white.png 360w, https:\/\/villatoile.be\/wp-content\/uploads\/2018\/02\/decor-white-300x25.png 300w, https:\/\/villatoile.be\/wp-content\/uploads\/2018\/02\/decor-white-90x8.png 90w\" sizes=\"auto, (max-width: 360px) 100vw, 360px\" \/>            <\/span>\n    <\/div>\n<\/div>        <\/div>\n    <\/div>\n<\/section><section class=\"section  text-normal section-text-no-shadow section-inner-no-shadow section-normal section-opaque\" >\n    \n    <div class=\"background-overlay grid-overlay-0 \" style=\"background-color: rgba(0,0,0,0);\"><\/div>\n\n    <div class=\"container container-vertical-default\">\n        <div class=\"row vertical-default\">\n            <div class=\"col-md-12     text-default small-screen-default\"  ><div class=\"divider-wrapper \" style=\"visibility:hidden;background-color:#FFFFF\">\n    <div class=\"visible-xs\" style=\"height:80px;\"><\/div>\n    <div class=\"visible-sm\" style=\"height:80px;\"><\/div>\n    <div class=\"visible-md\" style=\"height:80px;\"><\/div>\n    <div class=\"visible-lg\" style=\"height:80px;\"><\/div>\n<\/div><div class=\"portfolio-container  element-top-20 element-bottom-20 text-normal\"><div class=\"row\">\r\n    <div class=\"col-md-12\">\r\n        <div class=\"portfolio-header clearfix\">\r\n                        <div class=\"portfolio-filters pull-right\">\r\n                                                            <\/div>\r\n        <\/div>\r\n    <\/div>\r\n<\/div>\r\n<div class=\"portfolio masonry no-transition\" data-padding=\"15\" data-col-xs=\"1\" data-col-sm=\"3\" data-col-md=\"3\" data-col-lg=\"3\" data-layout=\"fitRows\">\n                \n            <div class=\"masonry-item portfolio-item filter-gites-de\" data-menu-order=\"1\" data-date=\"2018-02-27T13:12:23+00:00\" data-title=\"Ferienhaus &#8220; Le Platane &#8222;\" data-comments=\"0\">\n\t\t\t\t\t\t\t\t\t\t\t\t   <div class=\"figure  element-top-0 element-bottom-0 portfolio-os-animation image-filter-none image-filter-onhover fade-in text-left figcaption-middle normalwidth\" data-os-animation=\"fadeIn\" data-os-animation-delay=\"0s\">\n            <a href=\"https:\/\/villatoile.be\/de\/portfolio\/unterkunft-platane\/\" title=\"\" class=\"figure-image  image-all\" data-links=\"\"  target=\"_self\">\n        <img loading=\"lazy\" decoding=\"async\" width=\"800\" height=\"600\" src=\"https:\/\/villatoile.be\/wp-content\/uploads\/2014\/12\/platan-03-800x600.jpg\" class=\"normalwidth\" alt=\"Ferienhaus &#8220; Le Platane &#8222;\" \/>        <div class=\"figure-overlay grid-overlay-0\">\n        <div class=\"figure-overlay-container\">\n                            <div class=\"figure-caption\">\n                    <i class=\"icon-circle-plus\"><\/i>\n                <\/div>\n                    <\/div>\n    <\/div>\n    \n            <\/a>\n    \n    <div class=\"figure-caption text-left\">\n        <h3 class=\"figure-caption-title bordered bordered-small bordered-link\">\n                            <a href=\"https:\/\/villatoile.be\/de\/portfolio\/unterkunft-platane\/\" class=\"\" data-links=\"\" target=\"_self\">\n                        Ferienhaus &#8220; Le Platane &#8222;                            <\/a>\n                    <\/h3>\n        <p class=\"figure-caption-description\">Die Ferienhaus &quot; Le Platane &quot; befindet sich im alten Geb\u00e4udetrakt der Ferme de Pont \u00e0 Lesse und bietet Platz f\u00fcr 4 bis 8 Personen.<\/p>\n    <\/div>\n<\/div>\t\t\t\t\t\t\t\t\n            <\/div>\n                        \n            <div class=\"masonry-item portfolio-item filter-gites-de\" data-menu-order=\"2\" data-date=\"2018-02-27T13:20:24+00:00\" data-title=\"Ferienwohnung &#8222;Le Fenil&#8220;\" data-comments=\"0\">\n\t\t\t\t\t\t\t\t\t\t\t\t   <div class=\"figure  element-top-0 element-bottom-0 portfolio-os-animation image-filter-none image-filter-onhover fade-in text-left figcaption-middle normalwidth\" data-os-animation=\"fadeIn\" data-os-animation-delay=\"0.1s\">\n            <a href=\"https:\/\/villatoile.be\/de\/portfolio\/appartement-unterkunft-fenil\/\" title=\"\" class=\"figure-image  image-all\" data-links=\"\"  target=\"_self\">\n        <img loading=\"lazy\" decoding=\"async\" width=\"800\" height=\"600\" src=\"https:\/\/villatoile.be\/wp-content\/uploads\/2014\/12\/fenil-1-800x600.jpg\" class=\"normalwidth\" alt=\"Ferienwohnung &#8222;Le Fenil&#8220;\" \/>        <div class=\"figure-overlay grid-overlay-0\">\n        <div class=\"figure-overlay-container\">\n                            <div class=\"figure-caption\">\n                    <i class=\"icon-circle-plus\"><\/i>\n                <\/div>\n                    <\/div>\n    <\/div>\n    \n            <\/a>\n    \n    <div class=\"figure-caption text-left\">\n        <h3 class=\"figure-caption-title bordered bordered-small bordered-link\">\n                            <a href=\"https:\/\/villatoile.be\/de\/portfolio\/appartement-unterkunft-fenil\/\" class=\"\" data-links=\"\" target=\"_self\">\n                        Ferienwohnung &#8222;Le Fenil&#8220;                            <\/a>\n                    <\/h3>\n        <p class=\"figure-caption-description\">Das helle Appartement mit modernerer Einrichtung ist f\u00fcr 4 bis 9 Personen geeignet.<\/p>\n    <\/div>\n<\/div>\t\t\t\t\t\t\t\t\n            <\/div>\n                        \n            <div class=\"masonry-item portfolio-item filter-gites-de\" data-menu-order=\"3\" data-date=\"2018-02-27T13:23:39+00:00\" data-title=\"Ferienwohnung &#8222;Le Fr\u00eane&#8220;\" data-comments=\"0\">\n\t\t\t\t\t\t\t\t\t\t\t\t   <div class=\"figure  element-top-0 element-bottom-0 portfolio-os-animation image-filter-none image-filter-onhover fade-in text-left figcaption-middle normalwidth\" data-os-animation=\"fadeIn\" data-os-animation-delay=\"0.2s\">\n            <a href=\"https:\/\/villatoile.be\/de\/portfolio\/unterkunft-frene\/\" title=\"\" class=\"figure-image  image-all\" data-links=\"\"  target=\"_self\">\n        <img loading=\"lazy\" decoding=\"async\" width=\"800\" height=\"600\" src=\"https:\/\/villatoile.be\/wp-content\/uploads\/2014\/12\/frene-1-800x600.jpg\" class=\"normalwidth\" alt=\"Ferienwohnung &#8222;Le Fr\u00eane&#8220;\" \/>        <div class=\"figure-overlay grid-overlay-0\">\n        <div class=\"figure-overlay-container\">\n                            <div class=\"figure-caption\">\n                    <i class=\"icon-circle-plus\"><\/i>\n                <\/div>\n                    <\/div>\n    <\/div>\n    \n            <\/a>\n    \n    <div class=\"figure-caption text-left\">\n        <h3 class=\"figure-caption-title bordered bordered-small bordered-link\">\n                            <a href=\"https:\/\/villatoile.be\/de\/portfolio\/unterkunft-frene\/\" class=\"\" data-links=\"\" target=\"_self\">\n                        Ferienwohnung &#8222;Le Fr\u00eane&#8220;                            <\/a>\n                    <\/h3>\n        <p class=\"figure-caption-description\">Die Gemeinschaftsunterkunft \u201eFr\u00eane\u201c befindet sich im ehemaligen Heustadel der Ferme de Pont \u00e0 Lesse und bietet Gruppen von 15 bis 29 Personen Platz.<\/p>\n    <\/div>\n<\/div>\t\t\t\t\t\t\t\t\n            <\/div>\n            <\/div>\n<\/div><div class=\"divider-wrapper \" style=\"visibility:hidden;background-color:#FFFFF\">\n    <div class=\"visible-xs\" style=\"height:80px;\"><\/div>\n    <div class=\"visible-sm\" style=\"height:80px;\"><\/div>\n    <div class=\"visible-md\" style=\"height:80px;\"><\/div>\n    <div class=\"visible-lg\" style=\"height:80px;\"><\/div>\n<\/div><\/div>        <\/div>\n    <\/div>\n<\/section>\n","protected":false},"excerpt":{"rendered":"Ferienwohnung \"Le Fr\u00eane\" Ausr\u00fcstung Die Gruppenferienwohnung ' Le Fr\u00eane, untergebracht im ehemaligen Heuboden des Bauernhofs, ist ideal f\u00fcr Gruppen von 15 bis 29 Personen. Mit seiner rustikalen und authentischen Atmosph\u00e4re ist Le Fr\u00eane der perfekte Ort f\u00fcr Freundestreffen oder gro\u00dfe Familientreffen, wo Geselligkeit und Entspannung im Mittelpunkt stehen. Der Eingang befindet sich in einem \u00fcberdachten","protected":false},"author":3,"featured_media":0,"parent":0,"menu_order":0,"comment_status":"open","ping_status":"closed","template":"","meta":{"footnotes":""},"class_list":["post-610","page","type-page","status-publish","hentry"],"_links":{"self":[{"href":"https:\/\/villatoile.be\/de\/wp-json\/wp\/v2\/pages\/610","targetHints":{"allow":["GET"]}}],"collection":[{"href":"https:\/\/villatoile.be\/de\/wp-json\/wp\/v2\/pages"}],"about":[{"href":"https:\/\/villatoile.be\/de\/wp-json\/wp\/v2\/types\/page"}],"author":[{"embeddable":true,"href":"https:\/\/villatoile.be\/de\/wp-json\/wp\/v2\/users\/3"}],"replies":[{"embeddable":true,"href":"https:\/\/villatoile.be\/de\/wp-json\/wp\/v2\/comments?post=610"}],"version-history":[{"count":5,"href":"https:\/\/villatoile.be\/de\/wp-json\/wp\/v2\/pages\/610\/revisions"}],"predecessor-version":[{"id":1002,"href":"https:\/\/villatoile.be\/de\/wp-json\/wp\/v2\/pages\/610\/revisions\/1002"}],"wp:attachment":[{"href":"https:\/\/villatoile.be\/de\/wp-json\/wp\/v2\/media?parent=610"}],"curies":[{"name":"wp","href":"https:\/\/api.w.org\/{rel}","templated":true}]}}