{"id":615,"date":"2018-02-27T12:38:21","date_gmt":"2018-02-27T12:38:21","guid":{"rendered":"https:\/\/villatoile.artwhere.net\/?page_id=615"},"modified":"2026-03-01T12:02:50","modified_gmt":"2026-03-01T12:02:50","slug":"konferenzraum","status":"publish","type":"page","link":"https:\/\/villatoile.be\/de\/konferenzraum\/","title":{"rendered":"Konferenzraum"},"content":{"rendered":"<section class=\"section  text-normal section-text-no-shadow section-inner-no-shadow section-normal section-opaque\" >\n            <div class=\"background-media\" style=\"background-image: url(&#039;https:\/\/villatoile.be\/wp-content\/uploads\/2018\/02\/runion.jpg&#039;); background-repeat:no-repeat; background-size:cover; background-attachment:fixed; background-position: 50% 0%;\" data-start=\"background-position: 50% 0px\" data-0-top-bottom=\"background-position: 50% -85px\">\n                    <\/div>\n    \n    <div class=\"background-overlay grid-overlay-0 \" style=\"background-color: rgba(0,0,0,0);\"><\/div>\n\n    <div class=\"container container-vertical-default\">\n        <div class=\"row vertical-default\">\n            <div class=\"col-md-12     text-center small-screen-default\"  ><div class=\"divider-wrapper \" style=\"visibility:hidden;background-color:#FFFFF\">\n    <div class=\"visible-xs\" style=\"height:100px;\"><\/div>\n    <div class=\"visible-sm\" style=\"height:100px;\"><\/div>\n    <div class=\"visible-md\" style=\"height:190px;\"><\/div>\n    <div class=\"visible-lg\" style=\"height:190px;\"><\/div>\n<\/div><h1 class=\"text-center  element-top-0 element-bottom-0 text-light os-animation super regular\" data-os-animation=\"fadeIn\" data-os-animation-delay=\"0.1s\" >\n    Konferenzraum<\/h1><div class=\"figure element-top-0 element-bottom-0   os-animation\" data-os-animation=\"fadeIn\" data-os-animation-delay=\"0.3s\">\n            <span class=\"figure-image\">\n        <img loading=\"lazy\" decoding=\"async\" width=\"360\" height=\"30\" src=\"https:\/\/villatoile.be\/wp-content\/uploads\/2018\/02\/decor-white.png\" class=\"attachment-full size-full\" alt=\"\" srcset=\"https:\/\/villatoile.be\/wp-content\/uploads\/2018\/02\/decor-white.png 360w, https:\/\/villatoile.be\/wp-content\/uploads\/2018\/02\/decor-white-300x25.png 300w, https:\/\/villatoile.be\/wp-content\/uploads\/2018\/02\/decor-white-90x8.png 90w\" sizes=\"auto, (max-width: 360px) 100vw, 360px\" \/>            <\/span>\n    <\/div>\n<div class=\"divider-wrapper \" style=\"visibility:hidden;background-color:#FFFFF\">\n    <div class=\"visible-xs\" style=\"height:100px;\"><\/div>\n    <div class=\"visible-sm\" style=\"height:100px;\"><\/div>\n    <div class=\"visible-md\" style=\"height:100px;\"><\/div>\n    <div class=\"visible-lg\" style=\"height:100px;\"><\/div>\n<\/div><\/div>        <\/div>\n    <\/div>\n<\/section><section class=\"section formbghide text-normal section-text-no-shadow section-inner-no-shadow section-normal section-opaque\" >\n            <div class=\"background-media\" style=\"background-image: url(&#039;https:\/\/villatoile.be\/wp-content\/uploads\/2018\/02\/runion.jpg&#039;); background-repeat:no-repeat; background-size:cover; background-attachment:fixed; background-position: 50% 0%;\" data-start=\"background-position: 50% 0px\" data-0-top-bottom=\"background-position: 50% -85px\">\n                    <\/div>\n    \n    <div class=\"background-overlay grid-overlay-0 \" style=\"background-color: rgba(0,0,0,0.3);\"><\/div>\n\n    <div class=\"container container-vertical-default\">\n        <div class=\"row vertical-default\">\n            <div class=\"col-md-12     text-center small-screen-default\"  ><div class=\"divider-wrapper \" style=\"visibility:hidden;background-color:#FFFFF\">\n    <div class=\"visible-xs\" style=\"height:40px;\"><\/div>\n    <div class=\"visible-sm\" style=\"height:40px;\"><\/div>\n    <div class=\"visible-md\" style=\"height:40px;\"><\/div>\n    <div class=\"visible-lg\" style=\"height:40px;\"><\/div>\n<\/div><div class=\"col-text-1 text-normal  element-top-20 element-bottom-20\" data-os-animation=\"none\" data-os-animation-delay=\"0s\">\n    <p><strong><span style=\"color: #ffffff;\">Z\u00f6gern Sie nicht,<\/span><span style=\"color: #87d164;\"> <a style=\"color: #87d164;\" href=\"mailto:oceane@villatoile.be\">ein Angebot<\/a> <\/span><span style=\"color: #ffffff;\">anzufordern<\/span><\/strong><\/p>\n<\/div>\n<div class=\"divider-wrapper \" style=\"visibility:hidden;background-color:#FFFFF\">\n    <div class=\"visible-xs\" style=\"height:40px;\"><\/div>\n    <div class=\"visible-sm\" style=\"height:40px;\"><\/div>\n    <div class=\"visible-md\" style=\"height:40px;\"><\/div>\n    <div class=\"visible-lg\" style=\"height:40px;\"><\/div>\n<\/div><\/div>        <\/div>\n    <\/div>\n<\/section><section class=\"section  text-normal section-text-no-shadow section-inner-no-shadow section-normal section-opaque\" >\n            <div class=\"background-media\" style=\"background-image: url(&#039;https:\/\/villatoile.be\/wp-content\/uploads\/2018\/02\/runion.jpg&#039;); background-repeat:no-repeat; background-size:cover; background-attachment:fixed; background-position: 50% 0%;\" data-start=\"background-position: 50% 0px\" data-0-top-bottom=\"background-position: 50% -80px\">\n                    <\/div>\n    \n    <div class=\"background-overlay grid-overlay-0 \" style=\"background-color: rgba(86,154,167,0);\"><\/div>\n\n    <div class=\"container-fullwidth container-vertical-middle\">\n        <div class=\"row vertical-middle\">\n            <div class=\"col-md-3     text-default small-screen-default\"  ><\/div><div class=\"col-md-6     text-center small-screen-default\"  style=\"background:rgba(255, 255, 255, 0);\"><div class=\"divider-wrapper \" style=\"visibility:hidden;background-color:#FFFFFF\">\n    <div class=\"visible-xs\" style=\"height:40px;\"><\/div>\n    <div class=\"visible-sm\" style=\"height:40px;\"><\/div>\n    <div class=\"visible-md\" style=\"height:40px;\"><\/div>\n    <div class=\"visible-lg\" style=\"height:40px;\"><\/div>\n<\/div><div class=\"row \"><div class=\"col-md-12     text-default small-screen-default\"  style=\"background:#ffffff;\"><h2 class=\"text-default  element-top-100 element-bottom-0 text-normal os-animation big regular\" data-os-animation=\"fadeIn\" data-os-animation-delay=\"0.1s\" >\n    Konferenzraum<\/h2><div class=\"figure element-top-0 element-bottom-0   os-animation\" data-os-animation=\"fadeIn\" data-os-animation-delay=\"0.2s\">\n            <span class=\"figure-image\">\n        <img loading=\"lazy\" decoding=\"async\" width=\"200\" height=\"17\" src=\"https:\/\/villatoile.be\/wp-content\/uploads\/2018\/02\/decor-small-kaki-2.png\" class=\"attachment-full size-full\" alt=\"\" srcset=\"https:\/\/villatoile.be\/wp-content\/uploads\/2018\/02\/decor-small-kaki-2.png 200w, https:\/\/villatoile.be\/wp-content\/uploads\/2018\/02\/decor-small-kaki-2-90x8.png 90w\" sizes=\"auto, (max-width: 200px) 100vw, 200px\" \/>            <\/span>\n    <\/div>\n<div class=\"col-text-1 text-normal  element-top-20 element-bottom-100 os-animation\" data-os-animation=\"fadeIn\" data-os-animation-delay=\"0.3s\">\n    <p>In einem <strong>geschmackvoll restaurierten Bauernhof<\/strong> bietet dieser <strong>vielseitige Raum<\/strong> den perfekten Rahmen f\u00fcr Ihre <strong>Meetings <\/strong>und<strong> Seminare<\/strong>.<\/p>\n<p>Er wurde entworfen, um <strong>Konzentration und Kreativit\u00e4t<\/strong> zu f\u00f6rdern, und bietet eine <strong>inspirierende und einladende Atmosph\u00e4re<\/strong>. Der Raum kann <strong>halbtags<\/strong> gemietet werden und ist am <strong>Wochenende sowie abends<\/strong> verf\u00fcgbar, um sich Ihrem Zeitplan anzupassen.<\/p>\n<p>Machen Sie aus Ihren <strong>gesch\u00e4ftlichen Treffen<\/strong> <strong>produktive und angenehme Erlebnisse<\/strong> in diesem einzigartigen Ambiente!<\/p>\n<\/div>\n<\/div><\/div><div class=\"divider-wrapper \" style=\"visibility:hidden;background-color:#FFFFFF\">\n    <div class=\"visible-xs\" style=\"height:40px;\"><\/div>\n    <div class=\"visible-sm\" style=\"height:40px;\"><\/div>\n    <div class=\"visible-md\" style=\"height:40px;\"><\/div>\n    <div class=\"visible-lg\" style=\"height:40px;\"><\/div>\n<\/div><\/div><div class=\"col-md-3     text-default small-screen-default\"  ><\/div>        <\/div>\n    <\/div>\n<\/section>\n","protected":false},"excerpt":{"rendered":"Konferenzraum Z\u00f6gern Sie nicht, ein Angebot anzufordern Konferenzraum In einem geschmackvoll restaurierten Bauernhof bietet dieser vielseitige Raum den perfekten Rahmen f\u00fcr Ihre Meetings und Seminare. Er wurde entworfen, um Konzentration und Kreativit\u00e4t zu f\u00f6rdern, und bietet eine inspirierende und einladende Atmosph\u00e4re. Der Raum kann halbtags gemietet werden und ist am Wochenende sowie abends verf\u00fcgbar, um","protected":false},"author":3,"featured_media":0,"parent":0,"menu_order":0,"comment_status":"open","ping_status":"closed","template":"","meta":{"footnotes":""},"class_list":["post-615","page","type-page","status-publish","hentry"],"_links":{"self":[{"href":"https:\/\/villatoile.be\/de\/wp-json\/wp\/v2\/pages\/615","targetHints":{"allow":["GET"]}}],"collection":[{"href":"https:\/\/villatoile.be\/de\/wp-json\/wp\/v2\/pages"}],"about":[{"href":"https:\/\/villatoile.be\/de\/wp-json\/wp\/v2\/types\/page"}],"author":[{"embeddable":true,"href":"https:\/\/villatoile.be\/de\/wp-json\/wp\/v2\/users\/3"}],"replies":[{"embeddable":true,"href":"https:\/\/villatoile.be\/de\/wp-json\/wp\/v2\/comments?post=615"}],"version-history":[{"count":10,"href":"https:\/\/villatoile.be\/de\/wp-json\/wp\/v2\/pages\/615\/revisions"}],"predecessor-version":[{"id":3183,"href":"https:\/\/villatoile.be\/de\/wp-json\/wp\/v2\/pages\/615\/revisions\/3183"}],"wp:attachment":[{"href":"https:\/\/villatoile.be\/de\/wp-json\/wp\/v2\/media?parent=615"}],"curies":[{"name":"wp","href":"https:\/\/api.w.org\/{rel}","templated":true}]}}