{"id":623,"date":"2025-11-14T12:41:43","date_gmt":"2025-11-14T12:41:43","guid":{"rendered":"https:\/\/villatoile.artwhere.net\/?page_id=623"},"modified":"2025-12-08T11:15:30","modified_gmt":"2025-12-08T11:15:30","slug":"preis-unterkunften","status":"publish","type":"page","link":"https:\/\/villatoile.be\/de\/preis-unterkunften\/","title":{"rendered":"Mietpreise Ferienwohnungen"},"content":{"rendered":"<section class=\"section  text-normal section-text-no-shadow section-inner-no-shadow section-normal section-opaque\" >\n            <div class=\"background-media\" style=\"background-image: url(&#039;https:\/\/villatoile.be\/wp-content\/uploads\/2018\/02\/ferme.jpg&#039;); background-repeat:no-repeat; background-size:cover; background-attachment:fixed; background-position: 50% 0%;\" data-start=\"background-position: 50% 0px\" data-0-top-bottom=\"background-position: 50% -85px\">\n                    <\/div>\n    \n    <div class=\"background-overlay grid-overlay-0 \" style=\"background-color: rgba(0,0,0,0.2);\"><\/div>\n\n    <div class=\"container container-vertical-default\">\n        <div class=\"row vertical-default\">\n            <div class=\"col-md-12     text-center small-screen-default\"  ><div class=\"divider-wrapper \" style=\"visibility:hidden;background-color:#FFFFF\">\n    <div class=\"visible-xs\" style=\"height:50px;\"><\/div>\n    <div class=\"visible-sm\" style=\"height:100px;\"><\/div>\n    <div class=\"visible-md\" style=\"height:200px;\"><\/div>\n    <div class=\"visible-lg\" style=\"height:200px;\"><\/div>\n<\/div><h1 class=\"text-center  element-top-0 element-bottom-0 text-light os-animation super regular\" data-os-animation=\"fadeIn\" data-os-animation-delay=\"0.1s\" >\n    Mietpreise<\/h1><div class=\"figure element-top-10 element-bottom-10   os-animation\" data-os-animation=\"fadeIn\" data-os-animation-delay=\"0.3s\">\n            <span class=\"figure-image\">\n        <img loading=\"lazy\" decoding=\"async\" width=\"360\" height=\"30\" src=\"https:\/\/villatoile.be\/wp-content\/uploads\/2018\/02\/decor-white.png\" class=\"attachment-full size-full\" alt=\"\" srcset=\"https:\/\/villatoile.be\/wp-content\/uploads\/2018\/02\/decor-white.png 360w, https:\/\/villatoile.be\/wp-content\/uploads\/2018\/02\/decor-white-300x25.png 300w, https:\/\/villatoile.be\/wp-content\/uploads\/2018\/02\/decor-white-90x8.png 90w\" sizes=\"auto, (max-width: 360px) 100vw, 360px\" \/>            <\/span>\n    <\/div>\n<h2 class=\"text-center  element-top-0 element-bottom-0 text-light os-animation big regular\" data-os-animation=\"fadeIn\" data-os-animation-delay=\"0.1s\" >\n    Vermietung von Einzel- oder Gemeinschaftswohnungen<\/h2><div class=\"divider-wrapper \" style=\"visibility:hidden;background-color:#FFFFF\">\n    <div class=\"visible-xs\" style=\"height:50px;\"><\/div>\n    <div class=\"visible-sm\" style=\"height:100px;\"><\/div>\n    <div class=\"visible-md\" style=\"height:100px;\"><\/div>\n    <div class=\"visible-lg\" style=\"height:100px;\"><\/div>\n<\/div><\/div>        <\/div>\n    <\/div>\n<\/section><section class=\"section formbghide text-normal section-text-no-shadow section-inner-no-shadow section-normal section-opaque\" >\n            <div class=\"background-media\" style=\"background-image: url(&#039;https:\/\/villatoile.be\/wp-content\/uploads\/2018\/02\/ferme.jpg&#039;); background-repeat:no-repeat; background-size:cover; background-attachment:fixed; background-position: 50% 0%;\" data-start=\"background-position: 50% 0px\" data-0-top-bottom=\"background-position: 50% -85px\">\n                    <\/div>\n    \n    <div class=\"background-overlay grid-overlay-0 \" style=\"background-color: rgba(0,0,0,0.4);\"><\/div>\n\n    <div class=\"container container-vertical-middle\">\n        <div class=\"row vertical-middle\">\n            <div class=\"col-md-12     text-center small-screen-default\"  ><div class=\"divider-wrapper \" style=\"visibility:hidden;background-color:#FFFFF\">\n    <div class=\"visible-xs\" style=\"height:40px;\"><\/div>\n    <div class=\"visible-sm\" style=\"height:40px;\"><\/div>\n    <div class=\"visible-md\" style=\"height:40px;\"><\/div>\n    <div class=\"visible-lg\" style=\"height:40px;\"><\/div>\n<\/div>[vc_raw_html css=&#8220;.vc_custom_1639576774285{margin-bottom: 0px !important;}&#8220;]JTNDdGhyLXNlYXJjaC1lbmdpbmUlM0UlMEElM0MlMkZ0aHItc2VhcmNoLWVuZ2luZSUzRSUwQSUzQ3NjcmlwdCUzRSUwQSUyMCUyMCUyMCUyMCUyOGZ1bmN0aW9uJTI4dCUyQ2glMkNlJTJDbCUyQ2klMkNzJTJDUiUyQ0UlMkNTJTJDQSUyOSU3QiUwQSUyMCUyMCUyMCUyMCUyMCUyMCUyMCUyMHQlNUJpJTVEJTNEJTdCJTdEJTJDdCU1QmklNUQlNUJzJTVEJTNEdCU1QmklNUQlNUJzJTVEJTdDJTdDZnVuY3Rpb24lMjglMjklN0IlMEElMjAlMjAlMjAlMjAlMjAlMjAlMjAlMjAlMjAlMjAlMjAlMjBpZiUyODElM0QlM0QlM0Rhcmd1bWVudHMubGVuZ3RoJTI5JTdCcmV0dXJuJTIwdCU1QmklNUQuYSU1QmFyZ3VtZW50cyU1QjAlNUQlNUQlN0MlN0NudWxsJTdEJTBBJTIwJTIwJTIwJTIwJTIwJTIwJTIwJTIwJTIwJTIwJTIwJTIwZWxzZSU3QnQlNUJpJTVELmElM0R0JTVCaSU1RC5hJTdDJTdDJTVCJTVEJTNCJTIwdCU1QmklNUQuYSU1QmFyZ3VtZW50cyU1QjAlNUQlNUQlMjAlM0QlMjBhcmd1bWVudHMlNUIxJTVEJTNCJTdEJTBBJTIwJTIwJTIwJTIwJTIwJTIwJTIwJTIwJTdEJTJDJTBBJTIwJTIwJTIwJTIwJTIwJTIwJTIwJTIwJTIwJTIwJTIwJTIwUiUzRGguY3JlYXRlRWxlbWVudCUyOGUlMjklMkNFJTNEaC5nZXRFbGVtZW50c0J5VGFnTmFtZSUyOGUlMjklNUIwJTVEJTNCJTBBJTIwJTIwJTIwJTIwJTIwJTIwJTIwJTIwUi5hc3luYyUzRDElM0JSLnNyYyUzRGwlM0JFLnBhcmVudE5vZGUuaW5zZXJ0QmVmb3JlJTI4UiUyQ0UlMjklMEElMjAlMjAlMjAlMjAlN0QlMjklMjh3aW5kb3clMkNkb2N1bWVudCUyQyUyMnNjcmlwdCUyMiUyQyUyMmh0dHBzJTNBJTJGJTJGdGhlbGlzcmVzYS53ZWJjYW1wLmZyJTJGaWxpYiUyRnY0JTJGJTNGY2F0ZWdvcmllcyUyNmZhdm9yaXRlcyUyNm9uZW5pZ2h0JTI2c2VhcmNoZW5naW5lJTI2c2ltcGxlYmxvY2slMjIlMkMlMjJ0aGVsaXNyZXNhJTIyJTJDJTIyaWxpYiUyMiUyOSUzQiUwQSUyMCUyMCUyMCUyMHRoZWxpc3Jlc2EuaWxpYiUyOCUyN2NhbXBpbmclMjclMkMlMjAlMjd2aWxsYXRvaWxlJTI3JTI5JTNCJTBBJTIwJTIwJTIwJTIwdGhlbGlzcmVzYS5pbGliJTI4JTI3bGFuZ3VhZ2UlMjclMkMlMjAlMjdkZSUyNyUyOSUzQiUwQSUzQyUyRnNjcmlwdCUzRQ==[\/vc_raw_html]<div class=\"divider-wrapper \" style=\"visibility:hidden;background-color:#FFFFF\">\n    <div class=\"visible-xs\" style=\"height:40px;\"><\/div>\n    <div class=\"visible-sm\" style=\"height:40px;\"><\/div>\n    <div class=\"visible-md\" style=\"height:40px;\"><\/div>\n    <div class=\"visible-lg\" style=\"height:40px;\"><\/div>\n<\/div><\/div>        <\/div>\n    <\/div>\n<\/section><section class=\"section  text-normal section-text-no-shadow section-inner-no-shadow section-normal section-opaque\" >\n            <div class=\"background-media\" style=\"background-image: url(&#039;https:\/\/villatoile.be\/wp-content\/uploads\/2018\/02\/gite.jpg&#039;); background-repeat:no-repeat; background-size:cover; background-attachment:fixed; background-position: 50% 0%;\" data-start=\"background-position: 50% 0px\" data-0-top-bottom=\"background-position: 50% -80px\">\n                    <\/div>\n    \n    <div class=\"background-overlay grid-overlay-0 \" style=\"background-color: rgba(86,154,167,0);\"><\/div>\n\n    <div class=\"container-fullwidth container-vertical-middle\">\n        <div class=\"row vertical-middle\">\n            <div class=\"col-md-6     text-default small-screen-default\"  style=\"background:rgba(255, 255, 255, 0.95);\"><div class=\"row \"><div class=\"col-md-2     text-default small-screen-default\"  ><\/div><div class=\"col-md-8     text-Default small-screen-default\"  ><h2 class=\"text-center  element-top-100 element-bottom-10 text-normal os-animation normal regular\" data-os-animation=\"fadeIn\" data-os-animation-delay=\"0.1s\" >\n    Preise f\u00fcr das Ferienhaus von 2 bis 9 Personen &#8222;Le Platane&#8220; und die Ferienwohnung f\u00fcr 2 bis 12 Personen &#8222;Le Fenil&#8220;<\/h2><div class=\"figure element-top-10 element-bottom-10  block text-center os-animation\" data-os-animation=\"fadeIn\" data-os-animation-delay=\"0.2s\">\n            <span class=\"figure-image\">\n        <img loading=\"lazy\" decoding=\"async\" width=\"200\" height=\"17\" src=\"https:\/\/villatoile.be\/wp-content\/uploads\/2018\/02\/decor-small-kaki-2.png\" class=\"attachment-full size-full\" alt=\"\" srcset=\"https:\/\/villatoile.be\/wp-content\/uploads\/2018\/02\/decor-small-kaki-2.png 200w, https:\/\/villatoile.be\/wp-content\/uploads\/2018\/02\/decor-small-kaki-2-90x8.png 90w\" sizes=\"auto, (max-width: 200px) 100vw, 200px\" \/>            <\/span>\n    <\/div>\n<ul class=\"pricing-item-list  text-normal element-top-20 element-bottom-30\" data-os-animation=\"none\" data-os-animation-delay=\"0s\">\n    <li class=\"pricing-cirle  element-top-0 element-bottom-40 os-animation \" data-os-animation=\"fadeIn\" data-os-animation-delay=\"0s\">    <div class=\"pricing-item-list-content\">\n        <h3>\n            W.E ( von Freitag bis Sonntag) <span><\/span>\n        <\/h3>            <p>\n                380 \u20ac \/ Preise Vorsaison<br \/>\n(nur wenn frei : 465 \u20ac) \/ Preise Hauptsaison*            <\/p>    <\/div>\n<\/li><li class=\"pricing-cirle  element-top-0 element-bottom-40 os-animation \" data-os-animation=\"fadeIn\" data-os-animation-delay=\"0s\">    <div class=\"pricing-item-list-content\">\n        <h3>\n            Extra Nacht (4 Pers.) <span><\/span>\n        <\/h3>            <p>\n                120 \u20ac \/ Preise Vorsaison<br \/>\n150 \u20ac \/ Preise Hauptsaison*            <\/p>    <\/div>\n<\/li><li class=\"pricing-cirle  element-top-0 element-bottom-40 os-animation \" data-os-animation=\"fadeIn\" data-os-animation-delay=\"0s\">    <div class=\"pricing-item-list-content\">\n        <h3>\n            die Woche (von Samstag bis Samstag) <span><\/span>\n        <\/h3>            <p>\n                655 \u20ac \/ Preise Vorsaison<br \/>\n800 \u20ac \/ Preise Hauptsaison*<br \/>\n- 5% f\u00fcr die 2 i\u00e8me Woche            <\/p>    <\/div>\n<\/li><li class=\"pricing-cirle  element-top-0 element-bottom-40 os-animation \" data-os-animation=\"fadeIn\" data-os-animation-delay=\"0s\">    <div class=\"pricing-item-list-content\">\n        <h3>\n            Midweek <span><\/span>\n        <\/h3>            <p>\n                485 \u20ac \/ Preise Vorsaison<br \/>\n( wenn frei 565 \u20ac Preis Hochsaison*)            <\/p>    <\/div>\n<\/li><\/ul><div class=\"col-text-1 text-normal  element-top-0 element-bottom-100\" data-os-animation=\"none\" data-os-animation-delay=\"0s\">\n    <p><em>*<strong>Hauptsaison<\/strong> = Weihnachtswoche, Neues Jahr, 1. Mai, Maria Himmelfahrt, Pfingsten\u00a0und vom 3. Juli bis 23. August.<\/em><br \/>\n<em> Juli und August. Die Monate von Juli und August Mieten pro Woche der Samstag bis Samstag.<\/em><\/p>\n<p>Die oben genannten <strong>Preise<\/strong> sind <strong>Pauschalpreise<\/strong> f\u00fcr 2 bis 4 Personen und <strong>beinhalten die Reinigungskosten<\/strong>.<\/p>\n<p>Ab der 5 Person : 17,50 \u20ac f\u00fcr eine Nacht und eine Person.<br \/>\nErm\u00e4ssigung: f\u00fcr eine Woche, 16,50 \u20ac\/pers et pro Nacht.<\/p>\n<p><strong>Hunde<\/strong>: +10 \u20ac pro Nacht und Hund, <strong>maximal 2 Hunde<\/strong> pro Ferienhaus.<\/p>\n<p><strong>Touristensteuer<\/strong>: 1,80 \u20ac \/Erwachsener \/Nacht<\/p>\n<\/div>\n<\/div><div class=\"col-md-2     text-default small-screen-default\"  ><\/div><\/div><\/div><div class=\"col-md-6     text-center small-screen-default\"  ><\/div>        <\/div>\n    <\/div>\n<\/section><section class=\"section  text-normal section-text-no-shadow section-inner-no-shadow section-normal section-opaque\" >\n            <div class=\"background-media\" style=\"background-image: url(&#039;https:\/\/villatoile.be\/wp-content\/uploads\/2014\/12\/frene-0.jpg&#039;); background-repeat:no-repeat; background-size:cover; background-attachment:fixed; background-position: 50% 0%;\" data-start=\"background-position: 50% 0px\" data-0-top-bottom=\"background-position: 50% -80px\">\n                    <\/div>\n    \n    <div class=\"background-overlay grid-overlay-0 \" style=\"background-color: rgba(86,154,167,0);\"><\/div>\n\n    <div class=\"container-fullwidth container-vertical-middle\">\n        <div class=\"row vertical-middle\">\n            <div class=\"col-md-6     text-center small-screen-default\"  ><\/div><div class=\"col-md-6     text-default small-screen-default\"  style=\"background:rgba(255, 255, 255, 0.95);\"><div class=\"row \"><div class=\"col-md-2     text-default small-screen-default\"  ><\/div><div class=\"col-md-8     text-Default small-screen-default\"  ><h2 class=\"text-center  element-top-100 element-bottom-10 text-normal os-animation normal regular\" data-os-animation=\"fadeIn\" data-os-animation-delay=\"0.1s\" >\n    Preise f\u00fcr Gruppenunterkunft (bis zu 29 Personen) &#8222;Le Fr\u00eane&#8220;<\/h2><div class=\"figure element-top-10 element-bottom-10  block text-center os-animation\" data-os-animation=\"fadeIn\" data-os-animation-delay=\"0.2s\">\n            <span class=\"figure-image\">\n        <img loading=\"lazy\" decoding=\"async\" width=\"200\" height=\"17\" src=\"https:\/\/villatoile.be\/wp-content\/uploads\/2018\/02\/decor-small-kaki-2.png\" class=\"attachment-full size-full\" alt=\"\" srcset=\"https:\/\/villatoile.be\/wp-content\/uploads\/2018\/02\/decor-small-kaki-2.png 200w, https:\/\/villatoile.be\/wp-content\/uploads\/2018\/02\/decor-small-kaki-2-90x8.png 90w\" sizes=\"auto, (max-width: 200px) 100vw, 200px\" \/>            <\/span>\n    <\/div>\n<ul class=\"pricing-item-list  text-normal element-top-20 element-bottom-30\" data-os-animation=\"none\" data-os-animation-delay=\"0s\">\n    <li class=\"pricing-cirle  element-top-0 element-bottom-40 os-animation \" data-os-animation=\"fadeIn\" data-os-animation-delay=\"0s\">    <div class=\"pricing-item-list-content\">\n        <h3>\n            Preis: pro Person, pro Nacht: <span><\/span>\n        <\/h3>            <p>\n                22,30 \u20ac (minimum 15 Personen)<br \/>\nPutzkosten: 170 \u20ac (nicht fakultativ)            <\/p>    <\/div>\n<\/li><\/ul><div class=\"col-text-1 text-normal  element-top-0 element-bottom-100\" data-os-animation=\"none\" data-os-animation-delay=\"0s\">\n    <p><em>Diese Ferienwohnung wird f\u00fcr <strong>mindestens 2 N\u00e4chte vermietet<\/strong>; <strong>andernfalls<\/strong> wird eine <strong>Entsch\u00e4digung von 200 \u20ac<\/strong> f\u00fcr die zweite Nacht verlangt.<\/em><\/p>\n<p><strong>Hunde<\/strong>: +10 \u20ac pro Nacht und Hund, <strong>maximal 2 Hunde<\/strong> pro Ferienhaus.<\/p>\n<p><strong>Touristensteuer<\/strong>: 1,80 \u20ac \/Erwachsener \/Nacht<\/p>\n<\/div>\n<\/div><div class=\"col-md-2     text-default small-screen-default\"  ><\/div><\/div><\/div>        <\/div>\n    <\/div>\n<\/section><section class=\"section  hidden-lg hidden-md hidden-sm hidden-xs text-normal section-text-no-shadow section-inner-no-shadow section-normal section-opaque\" >\n            <div class=\"background-media\" style=\"background-image: url(&#039;https:\/\/villatoile.be\/wp-content\/uploads\/2018\/02\/gite.jpg&#039;); background-repeat:no-repeat; background-size:cover; background-attachment:fixed; background-position: 50% 0%;\" data-start=\"background-position: 50% 0px\" data-0-top-bottom=\"background-position: 50% -80px\">\n                    <\/div>\n    \n    <div class=\"background-overlay grid-overlay-0 \" style=\"background-color: rgba(86,154,167,0);\"><\/div>\n\n    <div class=\"container-fullwidth container-vertical-middle\">\n        <div class=\"row vertical-middle\">\n            <div class=\"col-md-6     text-default small-screen-default\"  style=\"background:rgba(255, 255, 255, 0.95);\"><div class=\"row \"><div class=\"col-md-2     text-default small-screen-default\"  ><\/div><div class=\"col-md-8     text-Default small-screen-default\"  ><h2 class=\"text-center  element-top-100 element-bottom-10 text-normal os-animation normal regular\" data-os-animation=\"fadeIn\" data-os-animation-delay=\"0.1s\" >\n    Preise f\u00fcr Pods von 1 bis 3 Personen<\/h2><div class=\"figure element-top-10 element-bottom-10  block text-center os-animation\" data-os-animation=\"fadeIn\" data-os-animation-delay=\"0.2s\">\n            <span class=\"figure-image\">\n        <img loading=\"lazy\" decoding=\"async\" width=\"200\" height=\"17\" src=\"https:\/\/villatoile.be\/wp-content\/uploads\/2018\/02\/decor-small-kaki-2.png\" class=\"attachment-full size-full\" alt=\"\" srcset=\"https:\/\/villatoile.be\/wp-content\/uploads\/2018\/02\/decor-small-kaki-2.png 200w, https:\/\/villatoile.be\/wp-content\/uploads\/2018\/02\/decor-small-kaki-2-90x8.png 90w\" sizes=\"auto, (max-width: 200px) 100vw, 200px\" \/>            <\/span>\n    <\/div>\n<ul class=\"pricing-item-list  text-normal element-top-20 element-bottom-30\" data-os-animation=\"none\" data-os-animation-delay=\"0s\">\n    <li class=\"pricing-cirle  element-top-0 element-bottom-40 os-animation \" data-os-animation=\"fadeIn\" data-os-animation-delay=\"0s\">    <div class=\"pricing-item-list-content\">\n        <h3>\n            \u00dcbernachtung f\u00fcr 2 Personen <span><\/span>\n        <\/h3>            <p>\n                65 \u20ac \/ Nebensaisonpreis<br \/>\n76\u20ac \/ Hochsaisonpreis*<br \/>\n81\u20ac \/ Hochsaisonpreis**            <\/p>    <\/div>\n<\/li><li class=\"pricing-cirle  element-top-0 element-bottom-40 os-animation \" data-os-animation=\"fadeIn\" data-os-animation-delay=\"0s\">    <div class=\"pricing-item-list-content\">\n        <h3>\n            Zus\u00e4tzliche Person <span><\/span>\n        <\/h3>            <p>\n                10,00 \u20ac \/ Nebensaisonpreis<br \/>\n10,00 \u20ac \/ Hauptsaisonpreis*<br \/>\n10,00\u20ac \/ sehr hohe Hauptsaison*            <\/p>    <\/div>\n<\/li><li class=\"pricing-cirle  element-top-0 element-bottom-40 os-animation \" data-os-animation=\"fadeIn\" data-os-animation-delay=\"0s\">    <div class=\"pricing-item-list-content\">\n        <h3>\n            Blattvermietung <span><\/span>\n        <\/h3>            <p>\n                10\u20ac            <\/p>    <\/div>\n<\/li><li class=\"pricing-cirle  element-top-0 element-bottom-40 os-animation \" data-os-animation=\"fadeIn\" data-os-animation-delay=\"0s\">    <div class=\"pricing-item-list-content\">\n        <h3>\n            Handtuchverleih <span><\/span>\n        <\/h3>            <p>\n                5\u20ac            <\/p>    <\/div>\n<\/li><\/ul><div class=\"col-text-1 text-normal  element-top-0 element-bottom-100\" data-os-animation=\"none\" data-os-animation-delay=\"0s\">\n    <p><strong>-15 <\/strong>% auf den Preis des Aufenthalts<strong> ab der 4. Nacht <\/strong>(au\u00dfer am Himmelfahrtswochenende)<br \/>\n<strong>-20 % <\/strong>auf den Preis des Aufenthalts<strong> ab der 7. Nacht<\/strong><\/p>\n<p>Die Mindestaufenthaltsdauer w\u00e4hrend der Saison betr\u00e4gt 1 Nacht.<strong> Bei Anreisen w\u00e4hrend der Hochsaison* <\/strong>gilt eine Mindestaufenthaltsdauer<strong> von 2 N\u00e4chten.<\/strong><\/p>\n<p><em>*<strong>Hochsaison<\/strong> = Wochenende vom 1. Mai und vom 3. Juli bis 23. August, au\u00dfer an den langen Wochenenden vom 21. Juli und 15. August.<\/em><br \/>\n<em>** <strong>Sehr hohe Saison<\/strong> = die langen Wochenenden von Himmelfahrt, Pfingsten, 21. Juli und 15. August.<\/em><\/p>\n<p>Eine <strong>Garantie von 50 \u20ac<\/strong> ist bei der Buchung erforderlich. Diese wird nach Abzug der Reinigung und eventueller Sch\u00e4den innerhalb von 15 Tagen nach Ablauf der Mietzeit auf ein Bankkonto zur\u00fcckerstattet.<\/p>\n<\/div>\n<\/div><div class=\"col-md-2     text-default small-screen-default\"  ><\/div><\/div><\/div><div class=\"col-md-6     text-center small-screen-default\"  ><\/div>        <\/div>\n    <\/div>\n<\/section><section class=\"section  text-normal section-text-no-shadow section-inner-no-shadow section-normal section-opaque\" >\n    \n    <div class=\"background-overlay grid-overlay-0 \" style=\"background-color: rgba(0,0,0,0);\"><\/div>\n\n    <div class=\"container container-vertical-default\">\n        <div class=\"row vertical-default\">\n            <div class=\"col-md-12     text-default small-screen-default\"  ><div class=\"col-text-1 text-normal  element-top-20 element-bottom-20\" data-os-animation=\"none\" data-os-animation-delay=\"0s\">\n    <\/div>\n<\/div>        <\/div>\n    <\/div>\n<\/section>\n","protected":false},"excerpt":{"rendered":"Mietpreise Vermietung von Einzel- oder Gemeinschaftswohnungen [vc_raw_html css=\".vc_custom_1639576774285{margin-bottom: 0px !important;}\"]JTNDdGhyLXNlYXJjaC1lbmdpbmUlM0UlMEElM0MlMkZ0aHItc2VhcmNoLWVuZ2luZSUzRSUwQSUzQ3NjcmlwdCUzRSUwQSUyMCUyMCUyMCUyMCUyOGZ1bmN0aW9uJTI4dCUyQ2glMkNlJTJDbCUyQ2klMkNzJTJDUiUyQ0UlMkNTJTJDQSUyOSU3QiUwQSUyMCUyMCUyMCUyMCUyMCUyMCUyMCUyMHQlNUJpJTVEJTNEJTdCJTdEJTJDdCU1QmklNUQlNUJzJTVEJTNEdCU1QmklNUQlNUJzJTVEJTdDJTdDZnVuY3Rpb24lMjglMjklN0IlMEElMjAlMjAlMjAlMjAlMjAlMjAlMjAlMjAlMjAlMjAlMjAlMjBpZiUyODElM0QlM0QlM0Rhcmd1bWVudHMubGVuZ3RoJTI5JTdCcmV0dXJuJTIwdCU1QmklNUQuYSU1QmFyZ3VtZW50cyU1QjAlNUQlNUQlN0MlN0NudWxsJTdEJTBBJTIwJTIwJTIwJTIwJTIwJTIwJTIwJTIwJTIwJTIwJTIwJTIwZWxzZSU3QnQlNUJpJTVELmElM0R0JTVCaSU1RC5hJTdDJTdDJTVCJTVEJTNCJTIwdCU1QmklNUQuYSU1QmFyZ3VtZW50cyU1QjAlNUQlNUQlMjAlM0QlMjBhcmd1bWVudHMlNUIxJTVEJTNCJTdEJTBBJTIwJTIwJTIwJTIwJTIwJTIwJTIwJTIwJTdEJTJDJTBBJTIwJTIwJTIwJTIwJTIwJTIwJTIwJTIwJTIwJTIwJTIwJTIwUiUzRGguY3JlYXRlRWxlbWVudCUyOGUlMjklMkNFJTNEaC5nZXRFbGVtZW50c0J5VGFnTmFtZSUyOGUlMjklNUIwJTVEJTNCJTBBJTIwJTIwJTIwJTIwJTIwJTIwJTIwJTIwUi5hc3luYyUzRDElM0JSLnNyYyUzRGwlM0JFLnBhcmVudE5vZGUuaW5zZXJ0QmVmb3JlJTI4UiUyQ0UlMjklMEElMjAlMjAlMjAlMjAlN0QlMjklMjh3aW5kb3clMkNkb2N1bWVudCUyQyUyMnNjcmlwdCUyMiUyQyUyMmh0dHBzJTNBJTJGJTJGdGhlbGlzcmVzYS53ZWJjYW1wLmZyJTJGaWxpYiUyRnY0JTJGJTNGY2F0ZWdvcmllcyUyNmZhdm9yaXRlcyUyNm9uZW5pZ2h0JTI2c2VhcmNoZW5naW5lJTI2c2ltcGxlYmxvY2slMjIlMkMlMjJ0aGVsaXNyZXNhJTIyJTJDJTIyaWxpYiUyMiUyOSUzQiUwQSUyMCUyMCUyMCUyMHRoZWxpc3Jlc2EuaWxpYiUyOCUyN2NhbXBpbmclMjclMkMlMjAlMjd2aWxsYXRvaWxlJTI3JTI5JTNCJTBBJTIwJTIwJTIwJTIwdGhlbGlzcmVzYS5pbGliJTI4JTI3bGFuZ3VhZ2UlMjclMkMlMjAlMjdkZSUyNyUyOSUzQiUwQSUzQyUyRnNjcmlwdCUzRQ==[\/vc_raw_html] Preise f\u00fcr das Ferienhaus von 2 bis 9 Personen \"Le Platane\" und die Ferienwohnung f\u00fcr 2 bis 12 Personen \"Le Fenil\" W.E ( von Freitag bis Sonntag) 380 \u20ac \/ Preise Vorsaison (nur wenn frei : 465 \u20ac) \/ Preise Hauptsaison* Extra Nacht (4 Pers.)","protected":false},"author":3,"featured_media":0,"parent":0,"menu_order":0,"comment_status":"open","ping_status":"closed","template":"","meta":{"footnotes":""},"class_list":["post-623","page","type-page","status-publish","hentry"],"_links":{"self":[{"href":"https:\/\/villatoile.be\/de\/wp-json\/wp\/v2\/pages\/623","targetHints":{"allow":["GET"]}}],"collection":[{"href":"https:\/\/villatoile.be\/de\/wp-json\/wp\/v2\/pages"}],"about":[{"href":"https:\/\/villatoile.be\/de\/wp-json\/wp\/v2\/types\/page"}],"author":[{"embeddable":true,"href":"https:\/\/villatoile.be\/de\/wp-json\/wp\/v2\/users\/3"}],"replies":[{"embeddable":true,"href":"https:\/\/villatoile.be\/de\/wp-json\/wp\/v2\/comments?post=623"}],"version-history":[{"count":37,"href":"https:\/\/villatoile.be\/de\/wp-json\/wp\/v2\/pages\/623\/revisions"}],"predecessor-version":[{"id":2911,"href":"https:\/\/villatoile.be\/de\/wp-json\/wp\/v2\/pages\/623\/revisions\/2911"}],"wp:attachment":[{"href":"https:\/\/villatoile.be\/de\/wp-json\/wp\/v2\/media?parent=623"}],"curies":[{"name":"wp","href":"https:\/\/api.w.org\/{rel}","templated":true}]}}