{"id":630,"date":"2018-03-21T08:00:33","date_gmt":"2018-03-21T08:00:33","guid":{"rendered":"https:\/\/villatoile.artwhere.net\/?page_id=630"},"modified":"2025-03-21T07:35:37","modified_gmt":"2025-03-21T07:35:37","slug":"camping-formeln","status":"publish","type":"page","link":"https:\/\/villatoile.be\/de\/camping-formeln\/","title":{"rendered":"Camping Formeln"},"content":{"rendered":"<section class=\"section  text-normal section-text-no-shadow section-inner-no-shadow section-normal section-opaque\" >\n            <div class=\"background-media\" style=\"background-image: url(&#039;https:\/\/villatoile.be\/wp-content\/uploads\/2018\/02\/camping.jpg&#039;); background-repeat:no-repeat; background-size:cover; background-attachment:fixed; background-position: 50% 0%;\" data-start=\"background-position: 50% 0px\" data-0-top-bottom=\"background-position: 50% -85px\">\n                    <\/div>\n    \n    <div class=\"background-overlay grid-overlay-0 \" style=\"background-color: rgba(0,0,0,0);\"><\/div>\n\n    <div class=\"container container-vertical-default\">\n        <div class=\"row vertical-default\">\n            <div class=\"col-md-12     text-center small-screen-default\"  ><div class=\"divider-wrapper \" style=\"visibility:hidden;background-color:#FFFFF\">\n    <div class=\"visible-xs\" style=\"height:100px;\"><\/div>\n    <div class=\"visible-sm\" style=\"height:100px;\"><\/div>\n    <div class=\"visible-md\" style=\"height:190px;\"><\/div>\n    <div class=\"visible-lg\" style=\"height:190px;\"><\/div>\n<\/div><h1 class=\"text-center  element-top-0 element-bottom-0 text-light os-animation super regular\" data-os-animation=\"fadeIn\" data-os-animation-delay=\"0.1s\" >\n    Camping<\/h1><div class=\"figure element-top-0 element-bottom-0   os-animation\" data-os-animation=\"fadeIn\" data-os-animation-delay=\"0.3s\">\n            <span class=\"figure-image\">\n        <img loading=\"lazy\" decoding=\"async\" width=\"360\" height=\"30\" src=\"https:\/\/villatoile.be\/wp-content\/uploads\/2018\/02\/decor-white.png\" class=\"attachment-full size-full\" alt=\"\" srcset=\"https:\/\/villatoile.be\/wp-content\/uploads\/2018\/02\/decor-white.png 360w, https:\/\/villatoile.be\/wp-content\/uploads\/2018\/02\/decor-white-300x25.png 300w, https:\/\/villatoile.be\/wp-content\/uploads\/2018\/02\/decor-white-90x8.png 90w\" sizes=\"auto, (max-width: 360px) 100vw, 360px\" \/>            <\/span>\n    <\/div>\n<div class=\"divider-wrapper \" style=\"visibility:hidden;background-color:#FFFFF\">\n    <div class=\"visible-xs\" style=\"height:100px;\"><\/div>\n    <div class=\"visible-sm\" style=\"height:100px;\"><\/div>\n    <div class=\"visible-md\" style=\"height:100px;\"><\/div>\n    <div class=\"visible-lg\" style=\"height:100px;\"><\/div>\n<\/div><\/div>        <\/div>\n    <\/div>\n<\/section><section class=\"section formbghide text-normal section-text-no-shadow section-inner-no-shadow section-normal section-opaque\" >\n            <div class=\"background-media\" style=\"background-image: url(&#039;https:\/\/villatoile.be\/wp-content\/uploads\/2018\/02\/camping.jpg&#039;); background-repeat:no-repeat; background-size:cover; background-attachment:fixed; background-position: 50% 0%;\" data-start=\"background-position: 50% 0px\" data-0-top-bottom=\"background-position: 50% -85px\">\n                    <\/div>\n    \n    <div class=\"background-overlay grid-overlay-0 \" style=\"background-color: rgba(0,0,0,0.3);\"><\/div>\n\n    <div class=\"container container-vertical-default\">\n        <div class=\"row vertical-default\">\n            <div class=\"col-md-12     text-center small-screen-default\"  ><div class=\"divider-wrapper \" style=\"visibility:hidden;background-color:#FFFFF\">\n    <div class=\"visible-xs\" style=\"height:40px;\"><\/div>\n    <div class=\"visible-sm\" style=\"height:40px;\"><\/div>\n    <div class=\"visible-md\" style=\"height:40px;\"><\/div>\n    <div class=\"visible-lg\" style=\"height:40px;\"><\/div>\n<\/div>[vc_raw_html]JTNDdGhyLXNlYXJjaC1lbmdpbmUlM0UlMEElM0MlMkZ0aHItc2VhcmNoLWVuZ2luZSUzRSUwQSUzQ3NjcmlwdCUzRSUwQSUyMCUyMCUyMCUyMCUyOGZ1bmN0aW9uJTI4dCUyQ2glMkNlJTJDbCUyQ2klMkNzJTJDUiUyQ0UlMkNTJTJDQSUyOSU3QiUwQSUyMCUyMCUyMCUyMCUyMCUyMCUyMCUyMHQlNUJpJTVEJTNEJTdCJTdEJTJDdCU1QmklNUQlNUJzJTVEJTNEdCU1QmklNUQlNUJzJTVEJTdDJTdDZnVuY3Rpb24lMjglMjklN0IlMEElMjAlMjAlMjAlMjAlMjAlMjAlMjAlMjAlMjAlMjAlMjAlMjBpZiUyODElM0QlM0QlM0Rhcmd1bWVudHMubGVuZ3RoJTI5JTdCcmV0dXJuJTIwdCU1QmklNUQuYSU1QmFyZ3VtZW50cyU1QjAlNUQlNUQlN0MlN0NudWxsJTdEJTBBJTIwJTIwJTIwJTIwJTIwJTIwJTIwJTIwJTIwJTIwJTIwJTIwZWxzZSU3QnQlNUJpJTVELmElM0R0JTVCaSU1RC5hJTdDJTdDJTVCJTVEJTNCJTIwdCU1QmklNUQuYSU1QmFyZ3VtZW50cyU1QjAlNUQlNUQlMjAlM0QlMjBhcmd1bWVudHMlNUIxJTVEJTNCJTdEJTBBJTIwJTIwJTIwJTIwJTIwJTIwJTIwJTIwJTdEJTJDJTBBJTIwJTIwJTIwJTIwJTIwJTIwJTIwJTIwJTIwJTIwJTIwJTIwUiUzRGguY3JlYXRlRWxlbWVudCUyOGUlMjklMkNFJTNEaC5nZXRFbGVtZW50c0J5VGFnTmFtZSUyOGUlMjklNUIwJTVEJTNCJTBBJTIwJTIwJTIwJTIwJTIwJTIwJTIwJTIwUi5hc3luYyUzRDElM0JSLnNyYyUzRGwlM0JFLnBhcmVudE5vZGUuaW5zZXJ0QmVmb3JlJTI4UiUyQ0UlMjklMEElMjAlMjAlMjAlMjAlN0QlMjklMjh3aW5kb3clMkNkb2N1bWVudCUyQyUyMnNjcmlwdCUyMiUyQyUyMmh0dHBzJTNBJTJGJTJGdGhlbGlzcmVzYS53ZWJjYW1wLmZyJTJGaWxpYiUyRnY0JTJGJTNGY2F0ZWdvcmllcyUyNmZhdm9yaXRlcyUyNm9uZW5pZ2h0JTI2c2VhcmNoZW5naW5lJTI2c2ltcGxlYmxvY2slMjIlMkMlMjJ0aGVsaXNyZXNhJTIyJTJDJTIyaWxpYiUyMiUyOSUzQiUwQSUyMCUyMCUyMCUyMHRoZWxpc3Jlc2EuaWxpYiUyOCUyN2NhbXBpbmclMjclMkMlMjAlMjd2aWxsYXRvaWxlJTI3JTI5JTNCJTBBJTIwJTIwJTIwJTIwdGhlbGlzcmVzYS5pbGliJTI4JTI3bGFuZ3VhZ2UlMjclMkMlMjAlMjdkZSUyNyUyOSUzQiUwQSUzQyUyRnNjcmlwdCUzRQ==[\/vc_raw_html]<div class=\"divider-wrapper \" style=\"visibility:hidden;background-color:#FFFFF\">\n    <div class=\"visible-xs\" style=\"height:40px;\"><\/div>\n    <div class=\"visible-sm\" style=\"height:40px;\"><\/div>\n    <div class=\"visible-md\" style=\"height:40px;\"><\/div>\n    <div class=\"visible-lg\" style=\"height:40px;\"><\/div>\n<\/div><\/div>        <\/div>\n    <\/div>\n<\/section><section class=\"section  text-normal section-text-no-shadow section-inner-no-shadow section-normal section-opaque\" >\n            <div class=\"background-media\" style=\"background-image: url(&#039;https:\/\/villatoile.be\/wp-content\/uploads\/2018\/02\/camping-1.jpg&#039;); background-repeat:no-repeat; background-size:cover; background-attachment:fixed; background-position: 50% 0%;\" data-start=\"background-position: 50% 0px\" data-0-top-bottom=\"background-position: 50% -80px\">\n                    <\/div>\n    \n    <div class=\"background-overlay grid-overlay-0 \" style=\"background-color: rgba(86,154,167,0);\"><\/div>\n\n    <div class=\"container-fullwidth container-vertical-middle\">\n        <div class=\"row vertical-middle\">\n            <div class=\"col-md-6     text-default small-screen-default\"  style=\"background:rgba(255, 255, 255, 0.95);\"><div class=\"row \"><div class=\"col-md-2     text-default small-screen-default\"  ><\/div><div class=\"col-md-8     text-center small-screen-default\"  ><h2 class=\"text-default  element-top-100 element-bottom-0 text-normal os-animation big regular\" data-os-animation=\"fadeIn\" data-os-animation-delay=\"0.1s\" >\n    Camping-Kurzaufenthalte<\/h2><div class=\"figure element-top-0 element-bottom-0   os-animation\" data-os-animation=\"fadeIn\" data-os-animation-delay=\"0.2s\">\n            <span class=\"figure-image\">\n        <img loading=\"lazy\" decoding=\"async\" width=\"200\" height=\"17\" src=\"https:\/\/villatoile.be\/wp-content\/uploads\/2018\/02\/decor-small-kaki-2.png\" class=\"attachment-full size-full\" alt=\"\" srcset=\"https:\/\/villatoile.be\/wp-content\/uploads\/2018\/02\/decor-small-kaki-2.png 200w, https:\/\/villatoile.be\/wp-content\/uploads\/2018\/02\/decor-small-kaki-2-90x8.png 90w\" sizes=\"auto, (max-width: 200px) 100vw, 200px\" \/>            <\/span>\n    <\/div>\n<div class=\"col-text-1 text-normal  element-top-20 element-bottom-100 os-animation\" data-os-animation=\"fadeIn\" data-os-animation-delay=\"0.3s\">\n    <p>Willkommen auf dem <strong>Campingplatz Villatoile<\/strong>, dem idealen Ort f\u00fcr einen <b>Kurzaufenthalt<\/b>. Unser Campingplatz bietet gro\u00dfz\u00fcgige Stellpl\u00e4tze \u2013 perfekt f\u00fcr <b>Familien<\/b>, die Abenteuer suchen oder die <b>Natur <\/b>in vollen Z\u00fcgen genie\u00dfen m\u00f6chten.<\/p>\n<p>Die Stellpl\u00e4tze sind ca. <strong>100 m\u00b2<\/strong> gro\u00df und verf\u00fcgen \u00fcber einen <strong>6-Ampere<\/strong>-Stromanschluss. Auf einigen Pl\u00e4tzen ist ein <strong>Eurostecker<\/strong> erforderlich (an der Rezeption erh\u00e4ltlich). <strong>Trinkwasserh\u00e4hne<\/strong> befinden sich alle 2-3 Stellpl\u00e4tze entlang der Wege. In den warmen Sommermonaten spenden unsere <strong>gro\u00dfen B\u00e4ume<\/strong> angenehmen Schatten.<\/p>\n<p>F\u00fcr Wanderer und Radfahrer auf der Durchreise gibt es eine <strong>Zeltwiese f\u00fcr Wanderer und Radfahrer<\/strong>, eine speziell eingerichtete Fl\u00e4che f\u00fcr eine erholsame Pause inmitten der Natur.<\/p>\n<p><strong>Haustiere sind willkommen<\/strong>, damit Sie Ihren Aufenthalt gemeinsam mit Ihrem vierbeinigen Freund genie\u00dfen k\u00f6nnen!<\/p>\n<p>Lassen Sie sich von der Ruhe der Umgebung verzaubern und nutzen Sie unsere <a href=\"https:\/\/villatoile.be\/de\/einrichtungen-und-freizeit\/\"><strong>Einrichtungen<\/strong><\/a>. Entspannen Sie sich mit unseren <strong>Freizeitangeboten<\/strong> auf dem Campingplatz oder entdecken Sie die vielen <a href=\"https:\/\/villatoile.be\/de\/aktivitaten\/\"><strong>Aktivit\u00e4ten<\/strong> <\/a>in der Region.<\/p>\n<p>Lassen Sie sich von unserer atemberaubenden Region begeistern, die mit beeindruckenden Landschaften und lebendiger Kultur lockt. Ob Sie in der Natur entspannen oder lokale Sch\u00e4tze entdecken m\u00f6chten \u2013 Ihr Aufenthalt wird <strong>unvergesslich sein<\/strong>!<\/p>\n<p>Sind Sie bereit f\u00fcr dieses Erlebnis? Sehen Sie sich unsere<a href=\"https:\/\/villatoile.be\/de\/preis-stellplatze\/\"><strong> Preise <\/strong><\/a>an und planen Sie Ihr n\u00e4chstes Abenteuer!<\/p>\n<p>Und wenn Sie sich ein wenig mehr Komfort w\u00fcnschen, warum nicht einen unserer <a href=\"https:\/\/villatoile.be\/de\/pods\/\"><strong>Glamping-<\/strong><strong>Pods<\/strong><\/a> ausprobieren?<\/p>\n<\/div>\n<\/div><div class=\"col-md-2     text-default small-screen-default\"  ><\/div><\/div><\/div><div class=\"col-md-6     text-center small-screen-default\"  ><div class=\"divider-wrapper  hidden-sm hidden-xs\" style=\"visibility:hidden;background-color:#FFFFF\">\n    <div class=\"visible-xs\" style=\"height:200px;\"><\/div>\n    <div class=\"visible-sm\" style=\"height:200px;\"><\/div>\n    <div class=\"visible-md\" style=\"height:200px;\"><\/div>\n    <div class=\"visible-lg\" style=\"height:200px;\"><\/div>\n<\/div><\/div>        <\/div>\n    <\/div>\n<\/section><section class=\"section  text-normal section-text-no-shadow section-inner-no-shadow section-normal section-opaque\" >\n            <div class=\"background-media\" style=\"background-image: url(&#039;https:\/\/villatoile.be\/wp-content\/uploads\/2018\/02\/camping-2.jpg&#039;); background-repeat:no-repeat; background-size:cover; background-attachment:fixed; background-position: 50% 0%;\" data-start=\"background-position: 50% 0px\" data-0-top-bottom=\"background-position: 50% -80px\">\n                    <\/div>\n    \n    <div class=\"background-overlay grid-overlay-0 \" style=\"background-color: rgba(86,154,167,0);\"><\/div>\n\n    <div class=\"container-fullwidth container-vertical-middle\">\n        <div class=\"row vertical-middle\">\n            <div class=\"col-md-6     text-default small-screen-default\"  ><\/div><div class=\"col-md-6     text-center small-screen-default\"  style=\"background:rgba(255, 255, 255, 0.95);\"><div class=\"row \"><div class=\"col-md-2     text-default small-screen-default\"  ><\/div><div class=\"col-md-8     text-center small-screen-default\"  ><h2 class=\"text-default  element-top-100 element-bottom-0 text-normal os-animation big regular\" data-os-animation=\"fadeIn\" data-os-animation-delay=\"0.1s\" >\n    Wohn-Camping f\u00fcr die Saison<\/h2><div class=\"figure element-top-0 element-bottom-0   os-animation\" data-os-animation=\"fadeIn\" data-os-animation-delay=\"0.2s\">\n            <span class=\"figure-image\">\n        <img loading=\"lazy\" decoding=\"async\" width=\"200\" height=\"17\" src=\"https:\/\/villatoile.be\/wp-content\/uploads\/2018\/02\/decor-small-kaki-2.png\" class=\"attachment-full size-full\" alt=\"\" srcset=\"https:\/\/villatoile.be\/wp-content\/uploads\/2018\/02\/decor-small-kaki-2.png 200w, https:\/\/villatoile.be\/wp-content\/uploads\/2018\/02\/decor-small-kaki-2-90x8.png 90w\" sizes=\"auto, (max-width: 200px) 100vw, 200px\" \/>            <\/span>\n    <\/div>\n<div class=\"col-text-1 text-normal  element-top-20 element-bottom-100 os-animation\" data-os-animation=\"fadeIn\" data-os-animation-delay=\"0.3s\">\n    <h3><strong>Erleben Sie Villatoile!<\/strong><\/h3>\n<p>Willkommen auf <strong>Camping Villatoile<\/strong>, Ihrem perfekten Ziel f\u00fcr einen <strong>verl\u00e4ngerten Aufenthalt<\/strong>! Wir bieten Ihnen die M\u00f6glichkeit, <strong>einen Saisonstellplatz<\/strong> von <strong>April bis Mitte Oktober<\/strong> zu mieten oder unser <strong>4-Monats-Paket<\/strong> zu w\u00e4hlen \u2013 ideal f\u00fcr alle, die die <strong>Sch\u00f6nheit unserer Region<\/strong> in vollen Z\u00fcgen genie\u00dfen m\u00f6chten.<\/p>\n<p>Stellen Sie sich vor: Entspannen Sie sich in Ihrem <strong>Wohnwagen<\/strong> oder <strong>Wohnmobil<\/strong> im Herzen unseres <strong>Ferienparks<\/strong>, umgeben von <strong>atemberaubenden Landschaften<\/strong> und zahlreichen <a href=\"https:\/\/villatoile.be\/de\/aktivitaten\/\"><strong>Aktivit\u00e4ten<\/strong><\/a> \u2013 nicht nur <strong>in der Umgebung<\/strong>, sondern auch <strong>direkt auf dem Campingplatz<\/strong>, f\u00fcr Gro\u00df und Klein.<\/p>\n<p>Um Ihren Aufenthalt noch angenehmer zu gestalten, nutzen Sie <a href=\"https:\/\/villatoile.be\/de\/einrichtungen-und-freizeit\/\"><strong>unsere Einrichtungen<\/strong><\/a> und entspannen Sie in unserem <a href=\"https:\/\/villatoile.be\/de\/bistro-le-moulin\/\"><strong>Bistro &#8218;Le Moulin&#8216;<\/strong><\/a> \u2013 ein gem\u00fctlicher Ort, an dem Sie eine k\u00f6stliche Mahlzeit genie\u00dfen oder nach einem aktiven Tag ein Getr\u00e4nk teilen k\u00f6nnen.<\/p>\n<p>Ob Sie <strong>alleine, zu zweit oder mit der Familie<\/strong> reisen, unser <strong>Campingplatz<\/strong> verspricht Ihnen <strong>unvergessliche Erinnerungen<\/strong>.<\/p>\n<p>Verpassen Sie nicht diese Gelegenheit! <strong>Schauen Sie sich jetzt <a href=\"https:\/\/villatoile.be\/de\/preis-stellplatze\/\">unsere Tarife<\/a> an<\/strong> und freuen Sie sich auf ein <strong>unvergessliches Erlebnis<\/strong>.<\/p>\n<\/div>\n<\/div><div class=\"col-md-2     text-default small-screen-default\"  ><\/div><\/div><\/div>        <\/div>\n    <\/div>\n<\/section>\n","protected":false},"excerpt":{"rendered":"Camping [vc_raw_html]JTNDdGhyLXNlYXJjaC1lbmdpbmUlM0UlMEElM0MlMkZ0aHItc2VhcmNoLWVuZ2luZSUzRSUwQSUzQ3NjcmlwdCUzRSUwQSUyMCUyMCUyMCUyMCUyOGZ1bmN0aW9uJTI4dCUyQ2glMkNlJTJDbCUyQ2klMkNzJTJDUiUyQ0UlMkNTJTJDQSUyOSU3QiUwQSUyMCUyMCUyMCUyMCUyMCUyMCUyMCUyMHQlNUJpJTVEJTNEJTdCJTdEJTJDdCU1QmklNUQlNUJzJTVEJTNEdCU1QmklNUQlNUJzJTVEJTdDJTdDZnVuY3Rpb24lMjglMjklN0IlMEElMjAlMjAlMjAlMjAlMjAlMjAlMjAlMjAlMjAlMjAlMjAlMjBpZiUyODElM0QlM0QlM0Rhcmd1bWVudHMubGVuZ3RoJTI5JTdCcmV0dXJuJTIwdCU1QmklNUQuYSU1QmFyZ3VtZW50cyU1QjAlNUQlNUQlN0MlN0NudWxsJTdEJTBBJTIwJTIwJTIwJTIwJTIwJTIwJTIwJTIwJTIwJTIwJTIwJTIwZWxzZSU3QnQlNUJpJTVELmElM0R0JTVCaSU1RC5hJTdDJTdDJTVCJTVEJTNCJTIwdCU1QmklNUQuYSU1QmFyZ3VtZW50cyU1QjAlNUQlNUQlMjAlM0QlMjBhcmd1bWVudHMlNUIxJTVEJTNCJTdEJTBBJTIwJTIwJTIwJTIwJTIwJTIwJTIwJTIwJTdEJTJDJTBBJTIwJTIwJTIwJTIwJTIwJTIwJTIwJTIwJTIwJTIwJTIwJTIwUiUzRGguY3JlYXRlRWxlbWVudCUyOGUlMjklMkNFJTNEaC5nZXRFbGVtZW50c0J5VGFnTmFtZSUyOGUlMjklNUIwJTVEJTNCJTBBJTIwJTIwJTIwJTIwJTIwJTIwJTIwJTIwUi5hc3luYyUzRDElM0JSLnNyYyUzRGwlM0JFLnBhcmVudE5vZGUuaW5zZXJ0QmVmb3JlJTI4UiUyQ0UlMjklMEElMjAlMjAlMjAlMjAlN0QlMjklMjh3aW5kb3clMkNkb2N1bWVudCUyQyUyMnNjcmlwdCUyMiUyQyUyMmh0dHBzJTNBJTJGJTJGdGhlbGlzcmVzYS53ZWJjYW1wLmZyJTJGaWxpYiUyRnY0JTJGJTNGY2F0ZWdvcmllcyUyNmZhdm9yaXRlcyUyNm9uZW5pZ2h0JTI2c2VhcmNoZW5naW5lJTI2c2ltcGxlYmxvY2slMjIlMkMlMjJ0aGVsaXNyZXNhJTIyJTJDJTIyaWxpYiUyMiUyOSUzQiUwQSUyMCUyMCUyMCUyMHRoZWxpc3Jlc2EuaWxpYiUyOCUyN2NhbXBpbmclMjclMkMlMjAlMjd2aWxsYXRvaWxlJTI3JTI5JTNCJTBBJTIwJTIwJTIwJTIwdGhlbGlzcmVzYS5pbGliJTI4JTI3bGFuZ3VhZ2UlMjclMkMlMjAlMjdkZSUyNyUyOSUzQiUwQSUzQyUyRnNjcmlwdCUzRQ==[\/vc_raw_html] Camping-Kurzaufenthalte Willkommen auf dem Campingplatz Villatoile, dem idealen Ort f\u00fcr einen Kurzaufenthalt. Unser Campingplatz bietet gro\u00dfz\u00fcgige Stellpl\u00e4tze \u2013 perfekt f\u00fcr Familien, die Abenteuer suchen oder die Natur in vollen Z\u00fcgen genie\u00dfen m\u00f6chten. Die Stellpl\u00e4tze sind ca. 100 m\u00b2 gro\u00df und verf\u00fcgen \u00fcber einen 6-Ampere-Stromanschluss. Auf einigen Pl\u00e4tzen ist ein Eurostecker erforderlich (an der","protected":false},"author":3,"featured_media":0,"parent":0,"menu_order":0,"comment_status":"open","ping_status":"closed","template":"","meta":{"footnotes":""},"class_list":["post-630","page","type-page","status-publish","hentry"],"_links":{"self":[{"href":"https:\/\/villatoile.be\/de\/wp-json\/wp\/v2\/pages\/630","targetHints":{"allow":["GET"]}}],"collection":[{"href":"https:\/\/villatoile.be\/de\/wp-json\/wp\/v2\/pages"}],"about":[{"href":"https:\/\/villatoile.be\/de\/wp-json\/wp\/v2\/types\/page"}],"author":[{"embeddable":true,"href":"https:\/\/villatoile.be\/de\/wp-json\/wp\/v2\/users\/3"}],"replies":[{"embeddable":true,"href":"https:\/\/villatoile.be\/de\/wp-json\/wp\/v2\/comments?post=630"}],"version-history":[{"count":14,"href":"https:\/\/villatoile.be\/de\/wp-json\/wp\/v2\/pages\/630\/revisions"}],"predecessor-version":[{"id":2585,"href":"https:\/\/villatoile.be\/de\/wp-json\/wp\/v2\/pages\/630\/revisions\/2585"}],"wp:attachment":[{"href":"https:\/\/villatoile.be\/de\/wp-json\/wp\/v2\/media?parent=630"}],"curies":[{"name":"wp","href":"https:\/\/api.w.org\/{rel}","templated":true}]}}