{"id":634,"date":"2025-03-18T10:48:27","date_gmt":"2025-03-18T10:48:27","guid":{"rendered":"https:\/\/villatoile.artwhere.net\/?page_id=634"},"modified":"2025-03-19T15:38:27","modified_gmt":"2025-03-19T15:38:27","slug":"einrichtungen-und-freizeit","status":"publish","type":"page","link":"https:\/\/villatoile.be\/de\/einrichtungen-und-freizeit\/","title":{"rendered":"Einrichtungen und Freizeit"},"content":{"rendered":"<section class=\"section  text-normal section-text-no-shadow section-inner-no-shadow section-normal section-opaque\" >\n            <div class=\"background-media\" style=\"background-image: url(&#039;https:\/\/villatoile.be\/wp-content\/uploads\/2018\/02\/camping.jpg&#039;); background-repeat:no-repeat; background-size:cover; background-attachment:fixed; background-position: 50% 0%;\" data-start=\"background-position: 50% 0px\" data-0-top-bottom=\"background-position: 50% -85px\">\n                    <\/div>\n    \n    <div class=\"background-overlay grid-overlay-0 \" style=\"background-color: rgba(0,0,0,0.2);\"><\/div>\n\n    <div class=\"container container-vertical-default\">\n        <div class=\"row vertical-default\">\n            <div class=\"col-md-12     text-center small-screen-default\"  ><div class=\"divider-wrapper \" style=\"visibility:hidden;background-color:#FFFFF\">\n    <div class=\"visible-xs\" style=\"height:100px;\"><\/div>\n    <div class=\"visible-sm\" style=\"height:100px;\"><\/div>\n    <div class=\"visible-md\" style=\"height:190px;\"><\/div>\n    <div class=\"visible-lg\" style=\"height:190px;\"><\/div>\n<\/div><h1 class=\"text-center  element-top-0 element-bottom-0 text-light os-animation super regular\" data-os-animation=\"fadeIn\" data-os-animation-delay=\"0.1s\" >\n    Einrichtungen und Freizeitgestaltungen vor Ort<\/h1><div class=\"figure element-top-0 element-bottom-0   os-animation\" data-os-animation=\"fadeIn\" data-os-animation-delay=\"0.3s\">\n            <span class=\"figure-image\">\n        <img loading=\"lazy\" decoding=\"async\" width=\"360\" height=\"30\" src=\"https:\/\/villatoile.be\/wp-content\/uploads\/2018\/02\/decor-white.png\" class=\"attachment-full size-full\" alt=\"\" srcset=\"https:\/\/villatoile.be\/wp-content\/uploads\/2018\/02\/decor-white.png 360w, https:\/\/villatoile.be\/wp-content\/uploads\/2018\/02\/decor-white-300x25.png 300w, https:\/\/villatoile.be\/wp-content\/uploads\/2018\/02\/decor-white-90x8.png 90w\" sizes=\"auto, (max-width: 360px) 100vw, 360px\" \/>            <\/span>\n    <\/div>\n<div class=\"divider-wrapper \" style=\"visibility:hidden;background-color:#FFFFF\">\n    <div class=\"visible-xs\" style=\"height:100px;\"><\/div>\n    <div class=\"visible-sm\" style=\"height:100px;\"><\/div>\n    <div class=\"visible-md\" style=\"height:100px;\"><\/div>\n    <div class=\"visible-lg\" style=\"height:100px;\"><\/div>\n<\/div><\/div>        <\/div>\n    <\/div>\n<\/section><section class=\"section  text-normal section-text-no-shadow section-inner-no-shadow section-normal section-opaque\" >\n            <div class=\"background-media\" style=\"background-image: url(&#039;https:\/\/villatoile.be\/wp-content\/uploads\/2018\/02\/equipement-1.jpg&#039;); background-repeat:no-repeat; background-size:cover; background-attachment:fixed; background-position: 50% 0%;\" data-start=\"background-position: 50% 0px\" data-0-top-bottom=\"background-position: 50% -80px\">\n                    <\/div>\n    \n    <div class=\"background-overlay grid-overlay-0 \" style=\"background-color: rgba(86,154,167,0);\"><\/div>\n\n    <div class=\"container-fullwidth container-vertical-middle\">\n        <div class=\"row vertical-middle\">\n            <div class=\"col-md-6     text-default small-screen-default\"  ><\/div><div class=\"col-md-6     text-center small-screen-default\"  style=\"background:rgba(255, 255, 255, 0.95);\"><div class=\"row \"><div class=\"col-md-2     text-default small-screen-default\"  ><\/div><div class=\"col-md-8     text-left small-screen-default\"  ><h2 class=\"text-left  element-top-100 element-bottom-0 text-normal os-animation big regular\" data-os-animation=\"fadeIn\" data-os-animation-delay=\"0.1s\" >\n    Unsere Einrichtungen:<\/h2><div class=\"figure element-top-10 element-bottom-20   os-animation\" data-os-animation=\"fadeIn\" data-os-animation-delay=\"0.2s\">\n            <span class=\"figure-image\">\n        <img loading=\"lazy\" decoding=\"async\" width=\"200\" height=\"17\" src=\"https:\/\/villatoile.be\/wp-content\/uploads\/2018\/02\/decor-small-kaki-2.png\" class=\"attachment-full size-full\" alt=\"\" srcset=\"https:\/\/villatoile.be\/wp-content\/uploads\/2018\/02\/decor-small-kaki-2.png 200w, https:\/\/villatoile.be\/wp-content\/uploads\/2018\/02\/decor-small-kaki-2-90x8.png 90w\" sizes=\"auto, (max-width: 200px) 100vw, 200px\" \/>            <\/span>\n    <\/div>\n<div class=\"col-text-1 text-normal  element-top-20 element-bottom-20\" data-os-animation=\"none\" data-os-animation-delay=\"0s\">\n    <h4 class=\"western\"><strong>Komfort f\u00fcr Ihren Aufenthalt<\/strong><\/h4>\n<p>&nbsp;<\/p>\n<p>Um Ihr Campingerlebnis noch <b>angenehmer<\/b> zu gestalten, bieten wir Ihnen eine Vielzahl an Einrichtungen:<\/p>\n<ul>\n<li><strong>2 Sanit\u00e4ranlagen<\/strong> \u2013 Sauberkeit und Komfort jederzeit verf\u00fcgbar.<\/li>\n<li><strong>Internetverbindung<\/strong> \u2013 Verf\u00fcgbar rund um die Rezeption, unsere <strong><a href=\"https:\/\/villatoile.be\/de\/bistro-le-moulin\/\">bistro &#8222;Le Moulin&#8220;<\/a><\/strong> und in unseren Geb\u00e4uden.<\/li>\n<li><strong>B\u00e4ckerei-Service<\/strong> \u2013 Bestellen Sie Brot und Geb\u00e4ck <b>bis 17 Uhr<\/b> an der Rezeption und <strong>holen Sie es am n\u00e4chsten Morgen ab.<\/strong><\/li>\n<li><strong>Waschmaschine &amp; Trockner<\/strong> \u2013 Ideal f\u00fcr einen sorgenfreien Langzeitaufenthalt.<\/li>\n<li><strong>Grillverleih<\/strong> \u2013 Genie\u00dfen Sie k\u00f6stliche Grillgerichte im Freien.<\/li>\n<li><strong>Feuerstelle\/Brasero<\/strong> \u2013 Verbringen Sie gem\u00fctliche Abende am Feuer (Schubkarre mit Holz inklusive).<\/li>\n<\/ul>\n<p>&nbsp;<\/p>\n<p>Wir tun <b>alles<\/b>, um <b>Ihren Aufenthalt unvergesslich<\/b> und komfortabel zu gestalten.<\/p>\n<\/div>\n<\/div><div class=\"col-md-2     text-default small-screen-default\"  ><\/div><\/div><\/div>        <\/div>\n    <\/div>\n<\/section><section class=\"section  text-normal section-text-no-shadow section-inner-no-shadow section-normal section-opaque\" >\n            <div class=\"background-media\" style=\"background-image: url(&#039;https:\/\/villatoile.be\/wp-content\/uploads\/2018\/02\/equipement-2.jpg&#039;); background-repeat:no-repeat; background-size:cover; background-attachment:fixed; background-position: 50% 0%;\" data-start=\"background-position: 50% 0px\" data-0-top-bottom=\"background-position: 50% -80px\">\n                    <\/div>\n    \n    <div class=\"background-overlay grid-overlay-0 \" style=\"background-color: rgba(86,154,167,0);\"><\/div>\n\n    <div class=\"container-fullwidth container-vertical-middle\">\n        <div class=\"row vertical-middle\">\n            <div class=\"col-md-6     text-default small-screen-default\"  style=\"background:rgba(255, 255, 255, 0.95);\"><div class=\"row \"><div class=\"col-md-2     text-default small-screen-default\"  ><\/div><div class=\"col-md-8     text-left small-screen-default\"  ><h2 class=\"text-left  element-top-100 element-bottom-0 text-normal os-animation big regular\" data-os-animation=\"fadeIn\" data-os-animation-delay=\"0.1s\" >\n    Freizeitaktivit\u00e4ten<\/h2><div class=\"figure element-top-10 element-bottom-20   os-animation\" data-os-animation=\"fadeIn\" data-os-animation-delay=\"0.2s\">\n            <span class=\"figure-image\">\n        <img loading=\"lazy\" decoding=\"async\" width=\"200\" height=\"17\" src=\"https:\/\/villatoile.be\/wp-content\/uploads\/2018\/02\/decor-small-kaki-2.png\" class=\"attachment-full size-full\" alt=\"\" srcset=\"https:\/\/villatoile.be\/wp-content\/uploads\/2018\/02\/decor-small-kaki-2.png 200w, https:\/\/villatoile.be\/wp-content\/uploads\/2018\/02\/decor-small-kaki-2-90x8.png 90w\" sizes=\"auto, (max-width: 200px) 100vw, 200px\" \/>            <\/span>\n    <\/div>\n<div class=\"col-text-1 text-normal  element-top-20 element-bottom-20\" data-os-animation=\"none\" data-os-animation-delay=\"0s\">\n    <h4 class=\"western\"><strong>Freizeit f\u00fcr die ganze Familie<\/strong><\/h4>\n<p>&nbsp;<\/p>\n<p>Genie\u00dfen Sie zahlreiche <b>Aktivit\u00e4ten vor Ort<\/b>, um Ihren Aufenthalt noch unterhaltsamer zu gestalten:<\/p>\n<ul>\n<li><strong>Spielplatz<\/strong> \u2013 Ein sicherer Bereich, in dem Kinder frei spielen k\u00f6nnen.<\/li>\n<li><strong>Fitnessger\u00e4te<\/strong> \u2013 Bleiben Sie mit unseren Outdoor-Ger\u00e4ten in Form.<\/li>\n<li><strong>Boule-Bahn<\/strong> \u2013 Fordern Sie Familie und Freunde in entspannter Atmosph\u00e4re heraus.<\/li>\n<li><strong>Fu\u00dfballplatz<\/strong> \u2013 Zeigen Sie Ihr Talent auf unserem Spielfeld.<\/li>\n<li><strong>Volleyball-\/Badmintonfeld<\/strong> \u2013 Perfekt f\u00fcr freundschaftliche Spiele in der Sonne.<\/li>\n<li><strong>Tischtennisplatte<\/strong> \u2013 Spielen Sie spannende Partien mit Ihren Liebsten.<\/li>\n<li><strong>Badebereich<\/strong> \u2013 Erfrischen Sie sich in der Lesse, vor dem Staudamm.<\/li>\n<li><strong>Angeln<\/strong> \u2013 Direkt vom Campingplatz aus (2,50 \u20ac\/Tag). Mehr Infos an der Rezeption.<\/li>\n<\/ul>\n<p>Zum <b>Angeln<\/b> in der Lesse <b>ben\u00f6tigen Sie eine Genehmigung<\/b> und eine Mitgliedskarte des Angelvereins. Kaufen Sie Ihre Karte online unter <a href=\"https:\/\/www.cartedepeche.be\/\" target=\"_new\">cartedepeche.be<\/a>.<\/p>\n<p><b>Ben\u00f6tigen Sie Ausr\u00fcstung?<\/b> Fragen Sie an der Rezeption nach Fu\u00dfb\u00e4llen, Volleyb\u00e4llen, Tischtennisschl\u00e4gern und Badmintonschl\u00e4gern.<\/p>\n<p>&nbsp;<\/p>\n<p>Mit so <strong>vielen M\u00f6glichkeiten<\/strong> ist f\u00fcr jeden etwas dabei \u2013 unabh\u00e4ngig vom Alter!<\/p>\n<\/div>\n<\/div><div class=\"col-md-2     text-default small-screen-default\"  ><\/div><\/div><\/div><div class=\"col-md-6     text-center small-screen-default\"  ><div class=\"divider-wrapper  hidden-sm hidden-xs\" style=\"visibility:hidden;background-color:#FFFFF\">\n    <div class=\"visible-xs\" style=\"height:200px;\"><\/div>\n    <div class=\"visible-sm\" style=\"height:200px;\"><\/div>\n    <div class=\"visible-md\" style=\"height:200px;\"><\/div>\n    <div class=\"visible-lg\" style=\"height:200px;\"><\/div>\n<\/div><\/div>        <\/div>\n    <\/div>\n<\/section>\n","protected":false},"excerpt":{"rendered":"Einrichtungen und Freizeitgestaltungen vor Ort Unsere Einrichtungen: Komfort f\u00fcr Ihren Aufenthalt &nbsp; Um Ihr Campingerlebnis noch angenehmer zu gestalten, bieten wir Ihnen eine Vielzahl an Einrichtungen: 2 Sanit\u00e4ranlagen \u2013 Sauberkeit und Komfort jederzeit verf\u00fcgbar. Internetverbindung \u2013 Verf\u00fcgbar rund um die Rezeption, unsere bistro \"Le Moulin\" und in unseren Geb\u00e4uden. B\u00e4ckerei-Service \u2013 Bestellen Sie Brot und","protected":false},"author":3,"featured_media":0,"parent":0,"menu_order":0,"comment_status":"open","ping_status":"closed","template":"","meta":{"footnotes":""},"class_list":["post-634","page","type-page","status-publish","hentry"],"_links":{"self":[{"href":"https:\/\/villatoile.be\/de\/wp-json\/wp\/v2\/pages\/634","targetHints":{"allow":["GET"]}}],"collection":[{"href":"https:\/\/villatoile.be\/de\/wp-json\/wp\/v2\/pages"}],"about":[{"href":"https:\/\/villatoile.be\/de\/wp-json\/wp\/v2\/types\/page"}],"author":[{"embeddable":true,"href":"https:\/\/villatoile.be\/de\/wp-json\/wp\/v2\/users\/3"}],"replies":[{"embeddable":true,"href":"https:\/\/villatoile.be\/de\/wp-json\/wp\/v2\/comments?post=634"}],"version-history":[{"count":15,"href":"https:\/\/villatoile.be\/de\/wp-json\/wp\/v2\/pages\/634\/revisions"}],"predecessor-version":[{"id":2508,"href":"https:\/\/villatoile.be\/de\/wp-json\/wp\/v2\/pages\/634\/revisions\/2508"}],"wp:attachment":[{"href":"https:\/\/villatoile.be\/de\/wp-json\/wp\/v2\/media?parent=634"}],"curies":[{"name":"wp","href":"https:\/\/api.w.org\/{rel}","templated":true}]}}