{"id":648,"date":"2025-03-18T12:58:24","date_gmt":"2025-03-18T12:58:24","guid":{"rendered":"https:\/\/villatoile.artwhere.net\/?page_id=648"},"modified":"2025-03-31T12:45:39","modified_gmt":"2025-03-31T12:45:39","slug":"aktivitaten","status":"publish","type":"page","link":"https:\/\/villatoile.be\/de\/aktivitaten\/","title":{"rendered":"Aktivit\u00e4ten"},"content":{"rendered":"<section class=\"section  text-normal section-text-no-shadow section-inner-no-shadow section-normal section-opaque\" >\n            <div class=\"background-media\" style=\"background-image: url(&#039;https:\/\/villatoile.be\/wp-content\/uploads\/2018\/02\/activite-0.jpg&#039;); background-repeat:no-repeat; background-size:cover; background-attachment:fixed; background-position: 50% 0%;\" data-start=\"background-position: 50% 0px\" data-0-top-bottom=\"background-position: 50% -85px\">\n                    <\/div>\n    \n    <div class=\"background-overlay grid-overlay-0 \" style=\"background-color: rgba(0,0,0,0.2);\"><\/div>\n\n    <div class=\"container container-vertical-default\">\n        <div class=\"row vertical-default\">\n            <div class=\"col-md-12     text-center small-screen-default\"  ><div class=\"divider-wrapper \" style=\"visibility:hidden;background-color:#FFFFF\">\n    <div class=\"visible-xs\" style=\"height:100px;\"><\/div>\n    <div class=\"visible-sm\" style=\"height:100px;\"><\/div>\n    <div class=\"visible-md\" style=\"height:190px;\"><\/div>\n    <div class=\"visible-lg\" style=\"height:190px;\"><\/div>\n<\/div><h1 class=\"text-center  element-top-0 element-bottom-0 text-light os-animation super regular\" data-os-animation=\"fadeIn\" data-os-animation-delay=\"0.1s\" >\n    Aktivit\u00e4ten in der Umgebung von Villatoile<\/h1><div class=\"figure element-top-0 element-bottom-0   os-animation\" data-os-animation=\"fadeIn\" data-os-animation-delay=\"0.3s\">\n            <span class=\"figure-image\">\n        <img loading=\"lazy\" decoding=\"async\" width=\"360\" height=\"30\" src=\"https:\/\/villatoile.be\/wp-content\/uploads\/2018\/02\/decor-white.png\" class=\"attachment-full size-full\" alt=\"\" srcset=\"https:\/\/villatoile.be\/wp-content\/uploads\/2018\/02\/decor-white.png 360w, https:\/\/villatoile.be\/wp-content\/uploads\/2018\/02\/decor-white-300x25.png 300w, https:\/\/villatoile.be\/wp-content\/uploads\/2018\/02\/decor-white-90x8.png 90w\" sizes=\"auto, (max-width: 360px) 100vw, 360px\" \/>            <\/span>\n    <\/div>\n<div class=\"divider-wrapper \" style=\"visibility:hidden;background-color:#FFFFF\">\n    <div class=\"visible-xs\" style=\"height:100px;\"><\/div>\n    <div class=\"visible-sm\" style=\"height:100px;\"><\/div>\n    <div class=\"visible-md\" style=\"height:100px;\"><\/div>\n    <div class=\"visible-lg\" style=\"height:100px;\"><\/div>\n<\/div><\/div>        <\/div>\n    <\/div>\n<\/section><section class=\"section  text-normal section-text-no-shadow section-inner-no-shadow section-normal section-opaque\" >\n            <div class=\"background-media\" style=\"background-image: url(&#039;https:\/\/villatoile.be\/wp-content\/uploads\/2018\/02\/activites.jpg&#039;); background-repeat:no-repeat; background-size:cover; background-attachment:fixed; background-position: 50% 0%;\" data-start=\"background-position: 50% 0px\" data-0-top-bottom=\"background-position: 50% -80px\">\n                    <\/div>\n    \n    <div class=\"background-overlay grid-overlay-0 \" style=\"background-color: rgba(86,154,167,0);\"><\/div>\n\n    <div class=\"container-fullwidth container-vertical-middle\">\n        <div class=\"row vertical-middle\">\n            <div class=\"col-md-6     text-center small-screen-default\"  style=\"background:rgba(255, 255, 255, 0.95);\"><div class=\"row \"><div class=\"col-md-2     text-default small-screen-default\"  ><\/div><div class=\"col-md-8     text-left small-screen-default\"  ><h2 class=\"text-left  element-top-100 element-bottom-0 text-normal os-animation big regular\" data-os-animation=\"fadeIn\" data-os-animation-delay=\"0.1s\" >\n    Entdecken Sie die Sch\u00e4tze der Natur und der Geschichte<\/h2><div class=\"figure element-top-10 element-bottom-20   os-animation\" data-os-animation=\"fadeIn\" data-os-animation-delay=\"0.2s\">\n            <span class=\"figure-image\">\n        <img loading=\"lazy\" decoding=\"async\" width=\"200\" height=\"17\" src=\"https:\/\/villatoile.be\/wp-content\/uploads\/2018\/02\/decor-small-kaki-2.png\" class=\"attachment-full size-full\" alt=\"\" srcset=\"https:\/\/villatoile.be\/wp-content\/uploads\/2018\/02\/decor-small-kaki-2.png 200w, https:\/\/villatoile.be\/wp-content\/uploads\/2018\/02\/decor-small-kaki-2-90x8.png 90w\" sizes=\"auto, (max-width: 200px) 100vw, 200px\" \/>            <\/span>\n    <\/div>\n<div class=\"col-text-1 text-normal  element-top-20 element-bottom-100\" data-os-animation=\"none\" data-os-animation-delay=\"0s\">\n    <h3><strong>Entdecken Sie die Aktivit\u00e4ten rund um den Ferienpark Villatoile<\/strong><\/h3>\n<p>Willkommen im <strong>Ferienpark Villatoile<\/strong>, einem einzigartigen Ort zwischen den T\u00e4lern der Lesse und der Maas. Umgeben von majest\u00e4tischen Schl\u00f6ssern, historischen Festungen, beeindruckenden Felsformationen und \u00fcppigen W\u00e4ldern ist unser Campingplatz <strong>der ideale Ausgangspunkt<\/strong> f\u00fcr zahlreiche sportliche, kulturelle und familienfreundliche Aktivit\u00e4ten.<\/p>\n<p>Hier stellen wir Ihnen nur einige der <strong>vielen unvergesslichen Erlebnisse<\/strong> vor, die Sie erwarten!<\/p>\n<hr \/>\n<h3 class=\"western\"><strong>Kulturelle Sehensw\u00fcrdigkeiten<\/strong><\/h3>\n<ul>\n<li><strong><a href=\"https:\/\/chateau-veves.be\/en\">Dornr\u00f6schenschloss<\/a> &amp; <a href=\"https:\/\/freyr.be\/de\/willkommen\">G\u00e4rten von Freyr<\/a><\/strong><br \/>\nTauchen Sie in eine M\u00e4rchenwelt ein und lassen Sie sich von der Sch\u00f6nheit dieser pr\u00e4chtigen G\u00e4rten verzaubern.<\/li>\n<li><a href=\"https:\/\/www.citadellededinant.be\/en\/\"><strong>Zitadelle von Dinant<\/strong><\/a><br \/>\nReisen Sie in die Vergangenheit und genie\u00dfen Sie einen atemberaubenden Blick auf diese charmante historische Stadt.<\/li>\n<\/ul>\n<hr \/>\n<h3 class=\"western\"><strong>Outdoor-Abenteuer<\/strong><\/h3>\n<ul>\n<li><a href=\"http:\/\/www.parcdefurfooz.be\/index.php\/en\/welcome\/\"><strong>Naturpark Furfooz<\/strong><\/a><br \/>\nErkunden Sie ein au\u00dfergew\u00f6hnliches Naturgebiet und entdecken Sie die faszinierende Geschichte der Region.<\/li>\n<li><a href=\"https:\/\/draisines.online\/index.php\/en\/home-en\/\"><strong>Draisinenfahrt<\/strong><\/a><br \/>\nErleben Sie eine besondere Art des Radfahrens auf stillgelegten Eisenbahnschienen.<\/li>\n<li><a href=\"https:\/\/www.mossbikes-dinant.be\/index.php?lg=en\"><strong>Mountainbiking\/Radfahren<\/strong><\/a><br \/>\nErkunden Sie die Gegend in Ihrem eigenen Tempo und genie\u00dfen Sie die Natur.<\/li>\n<\/ul>\n<hr \/>\n<h3 class=\"western\"><strong>Familienaktivit\u00e4ten<\/strong><\/h3>\n<ul>\n<li>Legend\u00e4re Abenteuer<br \/>\nNehmen Sie an interaktiven Spielen und Aktivit\u00e4ten teil, um unvergessliche Familienmomente zu erleben.<\/li>\n<li><a href=\"https:\/\/www.trot-e-fun.com\/\"><strong>E-Scooters<\/strong><\/a><br \/>\nFahren Sie auf malerischen Wegen und sp\u00fcren Sie den Adrenalinkick bei spannenden Abfahrten<\/li>\n<\/ul>\n<hr \/>\n<h3 class=\"western\"><strong>Starke Sensationen<\/strong><\/h3>\n<ul>\n<li><a href=\"https:\/\/agimont.be\/en\/\"><strong>Paintball<\/strong><\/a><br \/>\nTesten Sie Ihren Teamgeist und Ihre Strategie auf einem aufregenden Spielfeld.<\/li>\n<li><a href=\"https:\/\/www.klimenbergsportfederatie.be\/rotsmassieven\/rocher-du-castel-pont-a-lesse\"><strong>Klettern<\/strong><\/a><br \/>\nStellen Sie sich der Herausforderung steiler Felsw\u00e4nde und genie\u00dfen Sie atemberaubende Landschaften.<\/li>\n<\/ul>\n<hr \/>\n<h3 class=\"western\"><strong>Wanderungen &amp; Spazierg\u00e4nge<\/strong><\/h3>\n<ul>\n<li><a href=\"https:\/\/www.exploremeuse.be\/en\/walking-and-hiking-in-namur-dinant\"><strong>Spazierg\u00e4nge &amp; Wanderungen<\/strong><\/a><br \/>\nBewundern Sie die nat\u00fcrliche Sch\u00f6nheit der Region auf Wegen, die f\u00fcr jedes Niveau geeignet sind, von gem\u00fctlichen Spazierg\u00e4ngen bis hin zu<\/li>\n<\/ul>\n<hr \/>\n<h3 class=\"western\"><strong>Wasserabenteuer<\/strong><\/h3>\n<ul>\n<li><a href=\"https:\/\/www.grizzlyoutdoorpackrafting.com\/en\"><strong>Packrafting<\/strong><\/a><br \/>\nPaddeln Sie frei auf ruhigen Gew\u00e4ssern und genie\u00dfen Sie ein einzigartiges Naturerlebnis.<\/li>\n<li><strong>Kajakfahren<\/strong><br \/>\nUnternehmen Sie eine unvergessliche Kajaktour auf den friedlichen Gew\u00e4ssern der Lesse.<\/li>\n<\/ul>\n<hr \/>\n<p>&nbsp;<\/p>\n<p style=\"text-align: center;\"><strong>Bereit zum Explorieren?<\/strong><\/p>\n<p style=\"text-align: center;\">F\u00fcr weitere Informationen besuchen Sie <strong><a href=\"https:\/\/www.exploremeuse.be\/\">exploremeuse.be<\/a><\/strong>.<\/p>\n<p style=\"text-align: center;\">Mit seinen <strong><a href=\"https:\/\/villatoile.be\/de\/unterkunften\/\">Ferienh\u00e4usern<\/a>, dem <a href=\"https:\/\/villatoile.be\/de\/camping-formeln\/\">Campingplatz<\/a> und den <a href=\"https:\/\/villatoile.be\/de\/pods\/\">Pods<\/a><\/strong> ist <strong>Ferienpark <a href=\"https:\/\/villatoile.be\/de\/\">Villatoile<\/a><\/strong> der perfekte Ort f\u00fcr Naturliebhaber und Abenteurer!<\/p>\n<\/div>\n<\/div><div class=\"col-md-2     text-default small-screen-default\"  ><\/div><\/div><\/div><div class=\"col-md-6     text-default small-screen-default\"  ><\/div>        <\/div>\n    <\/div>\n<\/section><section class=\"section  text-normal section-text-no-shadow section-inner-no-shadow section-normal section-opaque\" >\n    \n    <div class=\"background-overlay grid-overlay-0 \" style=\"background-color: rgba(0,0,0,0);\"><\/div>\n\n    <div class=\"container container-vertical-default\">\n        <div class=\"row vertical-default\">\n            <div class=\"col-md-12     text-default small-screen-default\"  ><div class=\"col-text-1 text-normal  element-top-20 element-bottom-20\" data-os-animation=\"none\" data-os-animation-delay=\"0s\">\n    <div id=\"ConnectiveDocSignExtentionInstalled\" data-extension-version=\"1.0.4\"><\/div>\n<\/div>\n<\/div>        <\/div>\n    <\/div>\n<\/section>\n","protected":false},"excerpt":{"rendered":"Aktivit\u00e4ten in der Umgebung von Villatoile Entdecken Sie die Sch\u00e4tze der Natur und der Geschichte Entdecken Sie die Aktivit\u00e4ten rund um den Ferienpark Villatoile Willkommen im Ferienpark Villatoile, einem einzigartigen Ort zwischen den T\u00e4lern der Lesse und der Maas. Umgeben von majest\u00e4tischen Schl\u00f6ssern, historischen Festungen, beeindruckenden Felsformationen und \u00fcppigen W\u00e4ldern ist unser Campingplatz der ideale","protected":false},"author":3,"featured_media":0,"parent":0,"menu_order":0,"comment_status":"open","ping_status":"closed","template":"","meta":{"footnotes":""},"class_list":["post-648","page","type-page","status-publish","hentry"],"_links":{"self":[{"href":"https:\/\/villatoile.be\/de\/wp-json\/wp\/v2\/pages\/648","targetHints":{"allow":["GET"]}}],"collection":[{"href":"https:\/\/villatoile.be\/de\/wp-json\/wp\/v2\/pages"}],"about":[{"href":"https:\/\/villatoile.be\/de\/wp-json\/wp\/v2\/types\/page"}],"author":[{"embeddable":true,"href":"https:\/\/villatoile.be\/de\/wp-json\/wp\/v2\/users\/3"}],"replies":[{"embeddable":true,"href":"https:\/\/villatoile.be\/de\/wp-json\/wp\/v2\/comments?post=648"}],"version-history":[{"count":13,"href":"https:\/\/villatoile.be\/de\/wp-json\/wp\/v2\/pages\/648\/revisions"}],"predecessor-version":[{"id":2692,"href":"https:\/\/villatoile.be\/de\/wp-json\/wp\/v2\/pages\/648\/revisions\/2692"}],"wp:attachment":[{"href":"https:\/\/villatoile.be\/de\/wp-json\/wp\/v2\/media?parent=648"}],"curies":[{"name":"wp","href":"https:\/\/api.w.org\/{rel}","templated":true}]}}