{"id":661,"date":"2025-03-13T13:03:56","date_gmt":"2025-03-13T13:03:56","guid":{"rendered":"https:\/\/villatoile.artwhere.net\/?page_id=661"},"modified":"2025-12-19T12:52:55","modified_gmt":"2025-12-19T12:52:55","slug":"kontakt","status":"publish","type":"page","link":"https:\/\/villatoile.be\/de\/kontakt\/","title":{"rendered":"Contact &#8211; DE"},"content":{"rendered":"<section class=\"section  text-normal section-text-no-shadow section-inner-no-shadow section-normal section-opaque\" >\n            <div class=\"background-media\" style=\"background-image: url(&#039;https:\/\/villatoile.be\/wp-content\/uploads\/2018\/02\/contact.jpg&#039;); background-repeat:no-repeat; background-size:cover; background-attachment:fixed; background-position: 50% 70%;\" >\n                    <\/div>\n    \n    <div class=\"background-overlay grid-overlay-0 \" style=\"background-color: rgba(0,0,0,0.3);\"><\/div>\n\n    <div class=\"container container-vertical-default\">\n        <div class=\"row vertical-default\">\n            <div class=\"col-md-12     text-center small-screen-default\"  ><div class=\"divider-wrapper \" style=\"visibility:hidden;background-color:#FFFFF\">\n    <div class=\"visible-xs\" style=\"height:50px;\"><\/div>\n    <div class=\"visible-sm\" style=\"height:100px;\"><\/div>\n    <div class=\"visible-md\" style=\"height:200px;\"><\/div>\n    <div class=\"visible-lg\" style=\"height:200px;\"><\/div>\n<\/div><h1 class=\"text-center  element-top-0 element-bottom-0 text-light os-animation super regular\" data-os-animation=\"fadeIn\" data-os-animation-delay=\"0.1s\" >\n    Kontaktieren Sie uns<\/h1><div class=\"figure element-top-0 element-bottom-0   os-animation\" data-os-animation=\"fadeIn\" data-os-animation-delay=\"0.3s\">\n            <span class=\"figure-image\">\n        <img loading=\"lazy\" decoding=\"async\" width=\"360\" height=\"30\" src=\"https:\/\/villatoile.be\/wp-content\/uploads\/2018\/02\/decor-white.png\" class=\"attachment-full size-full\" alt=\"\" srcset=\"https:\/\/villatoile.be\/wp-content\/uploads\/2018\/02\/decor-white.png 360w, https:\/\/villatoile.be\/wp-content\/uploads\/2018\/02\/decor-white-300x25.png 300w, https:\/\/villatoile.be\/wp-content\/uploads\/2018\/02\/decor-white-90x8.png 90w\" sizes=\"auto, (max-width: 360px) 100vw, 360px\" \/>            <\/span>\n    <\/div>\n<div class=\"divider-wrapper \" style=\"visibility:hidden;background-color:#FFFFF\">\n    <div class=\"visible-xs\" style=\"height:50px;\"><\/div>\n    <div class=\"visible-sm\" style=\"height:100px;\"><\/div>\n    <div class=\"visible-md\" style=\"height:100px;\"><\/div>\n    <div class=\"visible-lg\" style=\"height:100px;\"><\/div>\n<\/div><\/div>        <\/div>\n    <\/div>\n<\/section><section class=\"section  text-normal section-text-no-shadow section-inner-no-shadow section-normal section-opaque\" >\n    \n    <div class=\"background-overlay grid-overlay-0 \" style=\"background-color: rgba(86,154,167,0);\"><\/div>\n\n    <div class=\"container-fullwidth container-vertical-middle\">\n        <div class=\"row vertical-middle\">\n            <div class=\"col-md-6     text-default small-screen-default\"  ><div class=\"row \"><div class=\"col-md-2     text-default small-screen-default\"  ><\/div><div class=\"col-md-8     text-center small-screen-default\"  ><div class=\"col-text-1 text-normal  element-top-50 element-bottom-20\" data-os-animation=\"none\" data-os-animation-delay=\"0s\">\n    <p>Haben Sie <strong>Fragen<\/strong> oder ben\u00f6tigen Sie weitere <strong>Informationen<\/strong>? Z\u00f6gern Sie nicht, uns eine <strong>E-Mail<\/strong> zu senden an <a href=\"mailto:secretariat@villatoile.be\">secretariat@villatoile.be<\/a>. Wir werden uns so schnell wie m\u00f6glich bei Ihnen <strong>melden<\/strong>.<\/p>\n<p>Wir helfen Ihnen gerne weiter!<\/p>\n<\/div>\n<div class=\"divider-wrapper \" style=\"visibility:hidden;background-color:#FFFFF\">\n    <div class=\"visible-xs\" style=\"height:10px;\"><\/div>\n    <div class=\"visible-sm\" style=\"height:10px;\"><\/div>\n    <div class=\"visible-md\" style=\"height:10px;\"><\/div>\n    <div class=\"visible-lg\" style=\"height:10px;\"><\/div>\n<\/div><\/div><div class=\"col-md-2     text-default small-screen-default\"  ><\/div><\/div><\/div><div class=\"col-md-6     text-center small-screen-default\"  style=\"background:rgba(255, 255, 255, 0.95);\">[vc_goo_maps location=&#8220;Ferme de Pont-\u00e0-Lesse 31, 5500 Anseremme (Dinant)&#8220; zoom=&#8220;14&#8243; type=&#8220;h&#8220; css=&#8220;&#8220;]<\/div>        <\/div>\n    <\/div>\n<\/section>\n","protected":false},"excerpt":{"rendered":"Kontaktieren Sie uns Haben Sie Fragen oder ben\u00f6tigen Sie weitere Informationen? Z\u00f6gern Sie nicht, uns eine E-Mail zu senden an secretariat@villatoile.be. Wir werden uns so schnell wie m\u00f6glich bei Ihnen melden. Wir helfen Ihnen gerne weiter! [vc_goo_maps location=\"Ferme de Pont-\u00e0-Lesse 31, 5500 Anseremme (Dinant)\" zoom=\"14\" type=\"h\" css=\"\"]","protected":false},"author":3,"featured_media":0,"parent":0,"menu_order":0,"comment_status":"open","ping_status":"closed","template":"","meta":{"footnotes":""},"class_list":["post-661","page","type-page","status-publish","hentry"],"_links":{"self":[{"href":"https:\/\/villatoile.be\/de\/wp-json\/wp\/v2\/pages\/661","targetHints":{"allow":["GET"]}}],"collection":[{"href":"https:\/\/villatoile.be\/de\/wp-json\/wp\/v2\/pages"}],"about":[{"href":"https:\/\/villatoile.be\/de\/wp-json\/wp\/v2\/types\/page"}],"author":[{"embeddable":true,"href":"https:\/\/villatoile.be\/de\/wp-json\/wp\/v2\/users\/3"}],"replies":[{"embeddable":true,"href":"https:\/\/villatoile.be\/de\/wp-json\/wp\/v2\/comments?post=661"}],"version-history":[{"count":11,"href":"https:\/\/villatoile.be\/de\/wp-json\/wp\/v2\/pages\/661\/revisions"}],"predecessor-version":[{"id":2927,"href":"https:\/\/villatoile.be\/de\/wp-json\/wp\/v2\/pages\/661\/revisions\/2927"}],"wp:attachment":[{"href":"https:\/\/villatoile.be\/de\/wp-json\/wp\/v2\/media?parent=661"}],"curies":[{"name":"wp","href":"https:\/\/api.w.org\/{rel}","templated":true}]}}